{"id":26543,"date":"2023-12-05T13:32:28","date_gmt":"2023-12-05T13:32:28","guid":{"rendered":"https:\/\/theme-dev.cmsmasters.net\/church-main\/about-us\/"},"modified":"2024-09-16T13:37:16","modified_gmt":"2024-09-16T11:37:16","slug":"o-parafii","status":"publish","type":"page","link":"https:\/\/urszula.malbork.pl\/index.php\/o-parafii\/","title":{"rendered":"O Parafii"},"content":{"rendered":"<style>.cmsmasters-widget-breadcrumbs{--separator-left-gap:0.3em;--separator-right-gap:0.3em}.cmsmasters-widget-breadcrumbs__container{font-size:14px;line-height:22px;display:flex;flex-direction:column}.cmsmasters-widget-breadcrumbs__content{font-size:14px;display:flex;flex-wrap:wrap;align-items:center}.cmsmasters-breadcrumbs-alignment-left .cmsmasters-widget-breadcrumbs__content{justify-content:flex-start}body.rtl .cmsmasters-breadcrumbs-alignment-left .cmsmasters-widget-breadcrumbs__content{justify-content:flex-end}.cmsmasters-breadcrumbs-alignment-center .cmsmasters-widget-breadcrumbs__content{justify-content:center}.cmsmasters-breadcrumbs-alignment-right .cmsmasters-widget-breadcrumbs__content{justify-content:flex-end}body.rtl .cmsmasters-breadcrumbs-alignment-right .cmsmasters-widget-breadcrumbs__content{justify-content:flex-start}.cmsmasters-widget-breadcrumbs__content>span:not([class]){color:#bbb}.cmsmasters-widget-breadcrumbs__content a{color:#000;fill:#000;font-size:14px;line-height:22px;display:flex;transition:all .3s ease-in-out}.cmsmasters-widget-breadcrumbs__content a:hover{color:#bbb;fill:#bbb}.cmsmasters-widget-breadcrumbs__content a svg{display:block;width:14px;height:14px}.cmsmasters-separator-type-none .cmsmasters-widget-breadcrumbs__content a{margin-right:10px}.cmsmasters-breadcrumbs-type-yoast .cmsmasters-widget-breadcrumbs__content{color:#000}.cmsmasters-breadcrumbs-type-yoast .cmsmasters-widget-breadcrumbs__content a{margin-right:var(--separator-right-gap)}.cmsmasters-breadcrumbs-type-yoast .cmsmasters-widget-breadcrumbs__content a:not(:first-child){margin-left:var(--separator-left-gap);margin-right:var(--separator-right-gap)}.cmsmasters-breadcrumbs-type-yoast .cmsmasters-widget-breadcrumbs__content a+span{margin-left:var(--separator-left-gap)}.cmsmasters-breadcrumbs-type-yoast .cmsmasters-widget-breadcrumbs__content .breadcrumb_last{color:#bbb}.cmsmasters-breadcrumbs-type-yoast .cmsmasters-widget-breadcrumbs__content>span{color:#bbb;font-size:14px;line-height:22px;margin-left:5px}.cmsmasters-breadcrumbs-type-yoast .cmsmasters-widget-breadcrumbs__content>span>span,.cmsmasters-breadcrumbs-type-yoast .cmsmasters-widget-breadcrumbs__content>span>span span{display:flex;flex-direction:row;align-items:center}.cmsmasters-breadcrumbs-type-rank .cmsmasters-widget-breadcrumbs__content .rank-math-breadcrumb>p{display:flex;flex-direction:row;align-items:center;margin:0;padding:0}.cmsmasters-breadcrumbs-type-rank .cmsmasters-widget-breadcrumbs__content .label{margin-right:5px}.cmsmasters-breadcrumbs-type-rank .cmsmasters-widget-breadcrumbs__content .separator{margin-left:var(--separator-left-gap);margin-right:var(--separator-right-gap)}.cmsmasters-widget-breadcrumbs__content>.cmsmasters-widget-breadcrumbs__sep:first-child{display:none}.cmsmasters-widget-breadcrumbs__prefix{color:#000;margin-right:5px}.cmsmasters-widget-breadcrumbs__sep{color:#bbb;fill:#bbb;display:flex;flex-direction:row;align-items:center;margin-left:var(--separator-left-gap);margin-right:var(--separator-right-gap)}.cmsmasters-widget-breadcrumbs__sep:empty{margin-left:0;margin-right:var(--separator-right-gap)}.cmsmasters-widget-breadcrumbs__sep svg{display:block;width:14px;height:14px}@media (min-width:1601px){.cmsmasters-breadcrumbs-alignment-widescreen-left .cmsmasters-widget-breadcrumbs__content{justify-content:flex-start}body.rtl .cmsmasters-breadcrumbs-alignment-widescreen-left .cmsmasters-widget-breadcrumbs__content{justify-content:flex-end}.cmsmasters-breadcrumbs-alignment-widescreen-center .cmsmasters-widget-breadcrumbs__content{justify-content:center}.cmsmasters-breadcrumbs-alignment-widescreen-right .cmsmasters-widget-breadcrumbs__content{justify-content:flex-end}body.rtl .cmsmasters-breadcrumbs-alignment-widescreen-right .cmsmasters-widget-breadcrumbs__content{justify-content:flex-start}}@media (max-width:-1){.cmsmasters-breadcrumbs-alignment-laptop-left .cmsmasters-widget-breadcrumbs__content{justify-content:flex-start}body.rtl .cmsmasters-breadcrumbs-alignment-laptop-left .cmsmasters-widget-breadcrumbs__content{justify-content:flex-end}.cmsmasters-breadcrumbs-alignment-laptop-center .cmsmasters-widget-breadcrumbs__content{justify-content:center}.cmsmasters-breadcrumbs-alignment-laptop-right .cmsmasters-widget-breadcrumbs__content{justify-content:flex-end}body.rtl .cmsmasters-breadcrumbs-alignment-laptop-right .cmsmasters-widget-breadcrumbs__content{justify-content:flex-start}}@media (max-width:-1){.cmsmasters-breadcrumbs-alignment-tablet_extra-left .cmsmasters-widget-breadcrumbs__content{justify-content:flex-start}body.rtl .cmsmasters-breadcrumbs-alignment-tablet_extra-left .cmsmasters-widget-breadcrumbs__content{justify-content:flex-end}.cmsmasters-breadcrumbs-alignment-tablet_extra-center .cmsmasters-widget-breadcrumbs__content{justify-content:center}.cmsmasters-breadcrumbs-alignment-tablet_extra-right .cmsmasters-widget-breadcrumbs__content{justify-content:flex-end}body.rtl .cmsmasters-breadcrumbs-alignment-tablet_extra-right .cmsmasters-widget-breadcrumbs__content{justify-content:flex-start}}@media (max-width:1024px){.cmsmasters-breadcrumbs-alignment-tablet-left .cmsmasters-widget-breadcrumbs__content{justify-content:flex-start}body.rtl .cmsmasters-breadcrumbs-alignment-tablet-left .cmsmasters-widget-breadcrumbs__content{justify-content:flex-end}.cmsmasters-breadcrumbs-alignment-tablet-center .cmsmasters-widget-breadcrumbs__content{justify-content:center}.cmsmasters-breadcrumbs-alignment-tablet-right .cmsmasters-widget-breadcrumbs__content{justify-content:flex-end}body.rtl .cmsmasters-breadcrumbs-alignment-tablet-right .cmsmasters-widget-breadcrumbs__content{justify-content:flex-start}}@media (max-width:-1){.cmsmasters-breadcrumbs-alignment-mobile_extra-left .cmsmasters-widget-breadcrumbs__content{justify-content:flex-start}body.rtl .cmsmasters-breadcrumbs-alignment-mobile_extra-left .cmsmasters-widget-breadcrumbs__content{justify-content:flex-end}.cmsmasters-breadcrumbs-alignment-mobile_extra-center .cmsmasters-widget-breadcrumbs__content{justify-content:center}.cmsmasters-breadcrumbs-alignment-mobile_extra-right .cmsmasters-widget-breadcrumbs__content{justify-content:flex-end}body.rtl .cmsmasters-breadcrumbs-alignment-mobile_extra-right .cmsmasters-widget-breadcrumbs__content{justify-content:flex-start}}@media (max-width:767px){.cmsmasters-breadcrumbs-alignment-mobile-left .cmsmasters-widget-breadcrumbs__content{justify-content:flex-start}body.rtl .cmsmasters-breadcrumbs-alignment-mobile-left .cmsmasters-widget-breadcrumbs__content{justify-content:flex-end}.cmsmasters-breadcrumbs-alignment-mobile-center .cmsmasters-widget-breadcrumbs__content{justify-content:center}.cmsmasters-breadcrumbs-alignment-mobile-right .cmsmasters-widget-breadcrumbs__content{justify-content:flex-end}body.rtl .cmsmasters-breadcrumbs-alignment-mobile-right .cmsmasters-widget-breadcrumbs__content{justify-content:flex-start}}<\/style>\n<p><a href=\"https:\/\/urszula.malbork.pl\/\">Home<\/a>\u2502No breadcrumbs\t\t<\/p>\n<style>\/*! elementor - v3.23.0 - 05-08-2024 *\/\n.elementor-widget-image{text-align:center}.elementor-widget-image a{display:inline-block}.elementor-widget-image a img[src$=\".svg\"]{width:48px}.elementor-widget-image img{vertical-align:middle;display:inline-block}<\/style>\n<p>\t\t\t\t\t\t\t\t\t\t<img fetchpriority=\"high\" decoding=\"async\" width=\"752\" height=\"909\" src=\"data:image\/png;base64,iVBORw0KGgoAAAANSUhEUgAAAAEAAAABAQMAAAAl21bKAAAAA1BMVEUAAP+KeNJXAAAAAXRSTlMAQObYZgAAAAlwSFlzAAAOxAAADsQBlSsOGwAAAApJREFUCNdjYAAAAAIAAeIhvDMAAAAASUVORK5CYII=\" alt=\"\" data-sizes=\"auto\" data-src=\"https:\/\/urszula.malbork.pl\/wp-content\/uploads\/2024\/08\/parafia-zdj2.jpg\" data-srcset=\"https:\/\/urszula.malbork.pl\/wp-content\/uploads\/2024\/08\/parafia-zdj2.jpg 752w, https:\/\/urszula.malbork.pl\/wp-content\/uploads\/2024\/08\/parafia-zdj2-248x300.jpg 248w, https:\/\/urszula.malbork.pl\/wp-content\/uploads\/2024\/08\/parafia-zdj2-30x36.jpg 30w, https:\/\/urszula.malbork.pl\/wp-content\/uploads\/2024\/08\/parafia-zdj2-25x30.jpg 25w, https:\/\/urszula.malbork.pl\/wp-content\/uploads\/2024\/08\/parafia-zdj2-8x10.jpg 8w\" class=\" cmsmasters_img cmsmasters-lazyload lazyload\">\t\t\t\t\t\t\t\t\t\t\t\t\t<\/p>\n<style>\/*! elementor - v3.23.0 - 05-08-2024 *\/\n.elementor-heading-title{padding:0;margin:0;line-height:1}.elementor-widget-heading .elementor-heading-title[class*=elementor-size-]>a{color:inherit;font-size:inherit;line-height:inherit}.elementor-widget-heading .elementor-heading-title.elementor-size-small{font-size:15px}.elementor-widget-heading .elementor-heading-title.elementor-size-medium{font-size:19px}.elementor-widget-heading .elementor-heading-title.elementor-size-large{font-size:29px}.elementor-widget-heading .elementor-heading-title.elementor-size-xl{font-size:39px}.elementor-widget-heading .elementor-heading-title.elementor-size-xxl{font-size:59px}<\/style>\n<h2>S\u0142\u00f3w kilka&#8230;<\/h2>\n<p>Parafianie rozpocz\u0119li realizacj\u0119 Parafialnego Programu Odnowy i Ewangelizacji w roku 2010 jako wsp\u00f3ln\u0105 drog\u0119 budowania wsp\u00f3lnoty \u017cywego Ko\u015bcio\u0142a. Poprzez struktury komunikacji staramy si\u0119 dociera\u0107 do wszystkich mieszka\u0144c\u00f3w parafii, aby odkryli swoje miejsce w rodzinie wierz\u0105cych.<\/p>\n<p>Wydarzenia, na kt\u00f3re regularnie zapraszamy wszystkich opisane s\u0105 w \u201eLi\u015bcie do Parafian\u201d roznoszonym do mieszka\u0144 przez Pos\u0142a\u0144c\u00f3w. Te listy s\u0105 zaproszeniem do wykonania gest\u00f3w i dzia\u0142a\u0144, kt\u00f3re s\u0142u\u017c\u0105 budowaniu relacji wsp\u00f3lnotowych w\u015br\u00f3d naszych parafian.<\/p>\n<p>W ostatnim roku powsta\u0142y Grupy S\u0105siedzkie, kt\u00f3re spotykaj\u0105 si\u0119 co miesi\u0105c na czytanie Pisma \u015bw., modlitw\u0119 i dzielenie si\u0119 wiar\u0105. Ka\u017cdy mieszkaniec parafii mo\u017ce znale\u017a\u0107 swoje miejsce w parafii \u015bw. Urszuli w\u015br\u00f3d r\u00f3\u017cnych grup, wsp\u00f3lnot i pos\u0142ug, bo razem tworzymy Mistyczne Cia\u0142o Chrystusa.<\/p>\n<h2>Historia parafii<\/h2>\n<p>Parafia pw. b\u0142. Urszuli Led\u00f3chowskiej zosta\u0142a erygowana 1 lipca 1989 roku dekretem biskupa gda\u0144skiego bp. Tadeusza Goc\u0142owskiego CM.&nbsp;<\/p>\n<p>Pierwszym proboszczem zosta\u0142 ks. Lech Wasilewski, kt\u00f3ry wybudowa\u0142 tymczasow\u0105 kaplic\u0119.&nbsp;<\/p>\n<p>W 1993 roku nowym proboszczem zosta\u0142 ks. Marek Kubecki. Podj\u0105\u0142 si\u0119 zadania budowy ko\u015bcio\u0142a parafialnego pw. \u015bw. Urszuli Led\u00f3chowskiej, zmieniaj\u0105c wcze\u015bniejszy projekt ko\u015bcio\u0142a. W 2002 roku ko\u015bci\u00f3\u0142, w stanie surowym oddano do u\u017cytku na niedziele i \u015bwi\u0119ta.&nbsp;<\/p>\n<p>W 2003 roku nowym proboszczem zostaje ks. J\u00f3zef Mici\u0144ski. W parafii mieszka prawie 9 tysi\u0119cy os\u00f3b.<\/p>\n<p>Budow\u0119 ko\u015bcio\u0142a parafialnego rozpocz\u0119to w 1993 roku. Zaprojektowa\u0142 j\u0105&nbsp;gda\u0144ski architekt Bazyli Domsta. Jest to du\u017ca, nowoczesna \u015bwi\u0105tynia, o p\u00f3\u0142kolistym kszta\u0142cie, z charakterystycznymi ma\u0142ymi okienkami, w cz\u0119\u015bci dla wiernych.<\/p>\n<h2>Nasza Patronka<\/h2>\n<p>Poznaj \u017cycie \u015bw. Urszuli Led\u00f3chowskiej<\/p>\n<p>\t\t\t\t\t\t\t\t\t\t\t\t\t<img decoding=\"async\" src=\"https:\/\/urszula.malbork.pl\/wp-content\/uploads\/elementor\/thumbs\/urszula4-1-qsb1wc54fa2dsytdzqn4niop2dd55n7s777c24yp6o.jpg\" title=\"urszula4\" alt=\"urszula4\" loading=\"lazy\" \/>\t\t\t\t\t\t\t\t\t\t\t\t\t<\/p>\n<p>Julia Maria Led\u00f3chowska urodzi\u0142a si\u0119 w wielodzietnej rodzinie hrabiowskiej 17 kwietnia 1865 r. w Loosdorf ko\u0142o Wiednia.\u00a0W latach 1874-1883 Julia Maria kszta\u0142ci\u0142a si\u0119 w Instytucie Naj\u015bwi\u0119tszej Maryi Panny prowadzonym przez Panie Angielskie w austriackim Sankt Polten. Po uko\u0144czeniu nauki przyby\u0142a wraz z rodzin\u0105 do nabytego przez ojca maj\u0105tku w Lipnicy Murowanej ko\u0142o Bochni.<\/p>\n<p>Jako 21-letnia dziewczyna wst\u0105pi\u0142a do klasztoru urszulanek w Krakowie i w dniu ob\u0142\u00f3czyn, 17 kwietnia 1887 r., przyj\u0119\u0142a zakonne imi\u0119 Maria Urszula. Wyr\u00f3\u017cnia\u0142a si\u0119 gorliwo\u015bci\u0105 w modlitwie i umartwieniach. Pierwsz\u0105 profesj\u0119 zakonn\u0105 z\u0142o\u017cy\u0142a 28 kwietnia 1889 roku. Nast\u0119pnie pracowa\u0142a w krakowskim internacie si\u00f3str. W 1904 roku jako prze\u0142o\u017cona domu kierowa\u0142a internatem. Dwa lata p\u00f3\u017aniej za\u0142o\u017cy\u0142a pierwszy na ziemiach polskich internat dla studentek szk\u00f3\u0142 wy\u017cszych. Swoje powo\u0142anie do wychowania m\u0142odzie\u017cy i opieki nad ni\u0105 odkry\u0142a jeszcze w nowicjacie.<\/p>\n<p>Za\u0142o\u017cone przez \u015bw. Urszul\u0119 Led\u00f3chowsk\u0105 zgromadzenie Urszulanek Serca Jezusa Konaj\u0105cego realizuje swe zadania apostolskie przede wszystkim w dziedzinie wychowania i nauczania dzieci i m\u0142odzie\u017cy oraz s\u0142u\u017c\u0105c potrzebuj\u0105cym i pokrzywdzonym.\u00a0<\/p>\n<link rel=\"stylesheet\" href=\"https:\/\/urszula.malbork.pl\/wp-content\/uploads\/elementor\/css\/cmsmasters-custom-widget-cmsmasters-button.min.css?ver=1723899463\"><a href=\"https:\/\/brewiarz.pl\/czytelnia\/swieci\/05-29a.php3\" role=\"button\">Dowiedz si\u0119 wi\u0119cej&#8230;<\/a><br \/>\n\t\t\tZobacz\t\t<\/p>\n<h2>Nasz ko\u015bci\u00f3\u0142 z &#8222;lotu ptaka&#8221;<\/h2>\n<p>Zobacz ko\u015bci\u00f3\u0142 \u015bw. Urszuli Led\u00f3chowskiej z &#8222;lotu ptaka&#8221;. Film nagrany zosta\u0142 w 2021 roku w dniu Pierwszej Komunii \u015awi\u0119tej przez tvregionalna.pl.<\/p>\n<p>https:\/\/www.youtube.com\/watch?v=8i1nhrYA_e4&#038;t=63s\t\t<\/p>\n<h2>Msze \u015bwi\u0119te<\/h2>\n<p><b>Niedziele i Uroczysto\u015bci:<\/b><br \/>7.00; 9.00; 10.30; 12.00; 18.00<b><\/p>\n<p>Niedziele w lipcu i sierpniu:<\/b><br \/>7.00; 9.00; 12.00; 18.00<b><\/p>\n<p>Zwyk\u0142e dni tygodnia:<\/b><br \/>7.00 i 18.00.<\/p>\n<p>\t\t\t<a href=\"https:\/\/urszula.malbork.pl\/index.php\/sluzba-boza\/\" role=\"button\">Dowiedz si\u0119 wi\u0119cej&#8230;<\/a>\t\t<\/p>\n<style>\/*! elementor - v3.23.0 - 05-08-2024 *\/\n.elementor-column .elementor-spacer-inner{height:var(--spacer-size)}.e-con{--container-widget-width:100%}.e-con-inner>.elementor-widget-spacer,.e-con>.elementor-widget-spacer{width:var(--container-widget-width,var(--spacer-size));--align-self:var(--container-widget-align-self,initial);--flex-shrink:0}.e-con-inner>.elementor-widget-spacer>.elementor-widget-container,.e-con>.elementor-widget-spacer>.elementor-widget-container{height:100%;width:100%}.e-con-inner>.elementor-widget-spacer>.elementor-widget-container>.elementor-spacer,.e-con>.elementor-widget-spacer>.elementor-widget-container>.elementor-spacer{height:100%}.e-con-inner>.elementor-widget-spacer>.elementor-widget-container>.elementor-spacer>.elementor-spacer-inner,.e-con>.elementor-widget-spacer>.elementor-widget-container>.elementor-spacer>.elementor-spacer-inner{height:var(--container-widget-height,var(--spacer-size))}.e-con-inner>.elementor-widget-spacer.elementor-widget-empty,.e-con>.elementor-widget-spacer.elementor-widget-empty{position:relative;min-height:22px;min-width:22px}.e-con-inner>.elementor-widget-spacer.elementor-widget-empty .elementor-widget-empty-icon,.e-con>.elementor-widget-spacer.elementor-widget-empty .elementor-widget-empty-icon{position:absolute;top:0;bottom:0;left:0;right:0;margin:auto;padding:0;width:22px;height:22px}<\/style>\n","protected":false},"excerpt":{"rendered":"<p>Home\u2502No breadcrumbs S\u0142\u00f3w kilka&#8230; Parafianie rozpocz\u0119li realizacj\u0119 Parafialnego Programu Odnowy i Ewangelizacji w roku 2010 jako wsp\u00f3ln\u0105 drog\u0119 budowania wsp\u00f3lnoty \u017cywego Ko\u015bcio\u0142a. Poprzez struktury komunikacji staramy si\u0119 dociera\u0107 do wszystkich&#8230;<\/p>\n","protected":false},"author":1,"featured_media":0,"parent":0,"menu_order":0,"comment_status":"closed","ping_status":"closed","template":"","meta":{"_acf_changed":false,"ngg_post_thumbnail":0,"footnotes":"","_links_to":"","_links_to_target":""},"class_list":["post-26543","page","type-page","status-publish","hentry"],"acf":[],"_links":{"self":[{"href":"https:\/\/urszula.malbork.pl\/index.php\/wp-json\/wp\/v2\/pages\/26543","targetHints":{"allow":["GET"]}}],"collection":[{"href":"https:\/\/urszula.malbork.pl\/index.php\/wp-json\/wp\/v2\/pages"}],"about":[{"href":"https:\/\/urszula.malbork.pl\/index.php\/wp-json\/wp\/v2\/types\/page"}],"author":[{"embeddable":true,"href":"https:\/\/urszula.malbork.pl\/index.php\/wp-json\/wp\/v2\/users\/1"}],"replies":[{"embeddable":true,"href":"https:\/\/urszula.malbork.pl\/index.php\/wp-json\/wp\/v2\/comments?post=26543"}],"version-history":[{"count":61,"href":"https:\/\/urszula.malbork.pl\/index.php\/wp-json\/wp\/v2\/pages\/26543\/revisions"}],"predecessor-version":[{"id":40176,"href":"https:\/\/urszula.malbork.pl\/index.php\/wp-json\/wp\/v2\/pages\/26543\/revisions\/40176"}],"wp:attachment":[{"href":"https:\/\/urszula.malbork.pl\/index.php\/wp-json\/wp\/v2\/media?parent=26543"}],"curies":[{"name":"wp","href":"https:\/\/api.w.org\/{rel}","templated":true}]}}