{"id":36753,"date":"2023-12-05T14:48:45","date_gmt":"2023-12-05T14:48:45","guid":{"rendered":"https:\/\/theme-dev.cmsmasters.net\/church-main\/contacts\/"},"modified":"2024-08-15T21:28:13","modified_gmt":"2024-08-15T19:28:13","slug":"kontakt","status":"publish","type":"page","link":"https:\/\/urszula.malbork.pl\/index.php\/kontakt\/","title":{"rendered":"Kontakt"},"content":{"rendered":"\t\t<div data-elementor-type=\"wp-page\" data-elementor-id=\"36753\" class=\"elementor elementor-36753\">\n\t\t\t\t<div class=\"elementor-element elementor-element-847cc6b e-flex e-con-boxed cmsmasters-bg-hide-none cmsmasters-bg-hide-none cmsmasters-block-default e-con e-parent\" data-id=\"847cc6b\" data-element_type=\"container\" data-settings=\"{&quot;background_background&quot;:&quot;classic&quot;}\">\n\t\t\t\t\t<div class=\"e-con-inner\">\n\t\t\t\t<div class=\"elementor-element elementor-element-2b71969 cmsmasters-block-default cmsmasters-sticky-default elementor-widget elementor-widget-heading\" data-id=\"2b71969\" data-element_type=\"widget\" data-widget_type=\"heading.default\">\n\t\t\t\t<div class=\"elementor-widget-container\">\n\t\t\t\t\t<h1 class=\"elementor-heading-title elementor-size-default\">Archiwa<\/h1>\t\t\t\t<\/div>\n\t\t\t\t<\/div>\n\t\t\t\t<div class=\"elementor-element elementor-element-38e6312 cmsmasters-separator-type-text cmsmasters-block-default cmsmasters-sticky-default elementor-widget elementor-widget-cmsmasters-breadcrumbs cmsmasters-widget-breadcrumbs\" data-id=\"38e6312\" data-element_type=\"widget\" data-widget_type=\"cmsmasters-breadcrumbs.default\">\n\t\t\t\t<div class=\"elementor-widget-container\">\n\t\t\t\t\t<div class=\"cmsmasters-widget-breadcrumbs__container\"><div class=\"cmsmasters-widget-breadcrumbs__content\"><a href=\"https:\/\/urszula.malbork.pl\/\" class=\"cmsmasters-home\">Home<\/a><span class=\"cmsmasters-widget-breadcrumbs__sep\"><span>\u2502<\/span><\/span><span>No breadcrumbs<\/span><\/div><\/div>\t\t\t\t<\/div>\n\t\t\t\t<\/div>\n\t\t\t\t\t<\/div>\n\t\t\t\t<\/div>\n\t\t<div class=\"elementor-element elementor-element-c64941a e-flex e-con-boxed cmsmasters-block-default e-con e-parent\" data-id=\"c64941a\" data-element_type=\"container\">\n\t\t\t\t\t<div class=\"e-con-inner\">\n\t\t<div class=\"elementor-element elementor-element-9c5c9ec e-con-full e-flex cmsmasters-block-default e-con e-child\" data-id=\"9c5c9ec\" data-element_type=\"container\">\n\t\t\t\t<div class=\"elementor-element elementor-element-091a08a elementor-widget__width-initial cmsmasters-block-default cmsmasters-sticky-default elementor-widget elementor-widget-heading\" data-id=\"091a08a\" data-element_type=\"widget\" data-widget_type=\"heading.default\">\n\t\t\t\t<div class=\"elementor-widget-container\">\n\t\t\t\t\t<h3 class=\"elementor-heading-title elementor-size-default\">Parafia Rzymskokatolicka\npw. \u015bw. Urszuli Led\u00f3chowskiej\n<br>w Malborku<\/h3>\t\t\t\t<\/div>\n\t\t\t\t<\/div>\n\t\t\t\t<div class=\"elementor-element elementor-element-85d937e cmsmasters-block-default cmsmasters-sticky-default elementor-widget elementor-widget-text-editor\" data-id=\"85d937e\" data-element_type=\"widget\" data-widget_type=\"text-editor.default\">\n\t\t\t\t<div class=\"elementor-widget-container\">\n\t\t\t\t\t\t\t\t\t<p>Zapraszamy do kontaktu bezpo\u015brednio po Mszach \u015bwi\u0119tych w zakrystii lub kancelarii parafialnej. Wezwania do chorych i zg\u0142oszenie pogrzebu o ka\u017cdej porze.<\/p>\t\t\t\t\t\t\t\t<\/div>\n\t\t\t\t<\/div>\n\t\t<div class=\"elementor-element elementor-element-ddd8c38 e-con-full e-flex cmsmasters-block-default e-con e-child\" data-id=\"ddd8c38\" data-element_type=\"container\">\n\t\t<div class=\"elementor-element elementor-element-0a4d4c6 e-con-full e-flex cmsmasters-block-default e-con e-child\" data-id=\"0a4d4c6\" data-element_type=\"container\">\n\t\t\t\t<div class=\"elementor-element elementor-element-e4b5a06 cmsmasters-block-default cmsmasters-sticky-default elementor-widget elementor-widget-heading\" data-id=\"e4b5a06\" data-element_type=\"widget\" data-widget_type=\"heading.default\">\n\t\t\t\t<div class=\"elementor-widget-container\">\n\t\t\t\t\t<div class=\"elementor-heading-title elementor-size-default\">Adres:<\/div>\t\t\t\t<\/div>\n\t\t\t\t<\/div>\n\t\t\t\t<div class=\"elementor-element elementor-element-e0c23e1 cmsmasters-block-default cmsmasters-sticky-default elementor-widget elementor-widget-text-editor\" data-id=\"e0c23e1\" data-element_type=\"widget\" data-widget_type=\"text-editor.default\">\n\t\t\t\t<div class=\"elementor-widget-container\">\n\t\t\t\t\t\t\t\t\t<p>ul. J. Wybickiego 2<br \/>82-200 Malbork<\/p>\t\t\t\t\t\t\t\t<\/div>\n\t\t\t\t<\/div>\n\t\t\t\t<\/div>\n\t\t<div class=\"elementor-element elementor-element-6aee64d e-con-full e-flex cmsmasters-block-default e-con e-child\" data-id=\"6aee64d\" data-element_type=\"container\">\n\t\t\t\t<div class=\"elementor-element elementor-element-61313dd cmsmasters-block-default cmsmasters-sticky-default elementor-widget elementor-widget-heading\" data-id=\"61313dd\" data-element_type=\"widget\" data-widget_type=\"heading.default\">\n\t\t\t\t<div class=\"elementor-widget-container\">\n\t\t\t\t\t<div class=\"elementor-heading-title elementor-size-default\">Kontakt<\/div>\t\t\t\t<\/div>\n\t\t\t\t<\/div>\n\t\t\t\t<div class=\"elementor-element elementor-element-6a219ec cmsmasters-block-default cmsmasters-sticky-default elementor-widget elementor-widget-text-editor\" data-id=\"6a219ec\" data-element_type=\"widget\" data-widget_type=\"text-editor.default\">\n\t\t\t\t<div class=\"elementor-widget-container\">\n\t\t\t\t\t\t\t\t\t<p>tel.: (55) 272 31 87<br \/><a href=\"mailto:swurszula@op.pl\">swurszula@op.pl<\/a><\/p>\t\t\t\t\t\t\t\t<\/div>\n\t\t\t\t<\/div>\n\t\t\t\t<\/div>\n\t\t\t\t<\/div>\n\t\t\t\t<div class=\"elementor-element elementor-element-581e942 cmsmasters-block-default cmsmasters-sticky-default elementor-widget elementor-widget-heading\" data-id=\"581e942\" data-element_type=\"widget\" data-widget_type=\"heading.default\">\n\t\t\t\t<div class=\"elementor-widget-container\">\n\t\t\t\t\t<div class=\"elementor-heading-title elementor-size-default\">Numer konta bankowego:<\/div>\t\t\t\t<\/div>\n\t\t\t\t<\/div>\n\t\t\t\t<div class=\"elementor-element elementor-element-0ddd5f3 cmsmasters-block-default cmsmasters-sticky-default elementor-widget elementor-widget-text-editor\" data-id=\"0ddd5f3\" data-element_type=\"widget\" data-widget_type=\"text-editor.default\">\n\t\t\t\t<div class=\"elementor-widget-container\">\n\t\t\t\t\t\t\t\t\t<p><strong>PKO Bank Polski SA<\/strong><br>22 1020 1778 0000 2602 0128 2318<\/p>\n<p>Wdzi\u0119czni jeste\u015bmy za ka\u017cdy dar serca ofiarowany na budow\u0119 ko\u015bcio\u0142a parafialnego \u015bw. Urszuli Led\u00f3chowskiej oraz na potrzeby funkcjonowania parafii.&nbsp;<\/p>\t\t\t\t\t\t\t\t<\/div>\n\t\t\t\t<\/div>\n\t\t\t\t<\/div>\n\t\t<div class=\"elementor-element elementor-element-08eb5da e-con-full e-flex cmsmasters-block-default e-con e-child\" data-id=\"08eb5da\" data-element_type=\"container\">\n\t\t\t\t<div class=\"elementor-element elementor-element-3d18ab5 cmsmasters-block-default cmsmasters-sticky-default elementor-widget elementor-widget-image\" data-id=\"3d18ab5\" data-element_type=\"widget\" data-widget_type=\"image.default\">\n\t\t\t\t<div class=\"elementor-widget-container\">\n\t\t\t\t\t\t\t\t\t\t\t\t\t\t\t<img fetchpriority=\"high\" decoding=\"async\" width=\"600\" height=\"600\" src=\"https:\/\/urszula.malbork.pl\/wp-content\/uploads\/2024\/08\/kosciol-3b-30x30.jpg\" class=\"attachment-large size-large wp-image-40108 cmsmasters_img cmsmasters-lazyload lazyload\" alt=\"\" data-sizes=\"(max-width: 600px) 100vw, 600px\" data-src=\"https:\/\/urszula.malbork.pl\/wp-content\/uploads\/2024\/08\/kosciol-3b.jpg\" data-srcset=\"https:\/\/urszula.malbork.pl\/wp-content\/uploads\/2024\/08\/kosciol-3b.jpg 600w, https:\/\/urszula.malbork.pl\/wp-content\/uploads\/2024\/08\/kosciol-3b-300x300.jpg 300w, https:\/\/urszula.malbork.pl\/wp-content\/uploads\/2024\/08\/kosciol-3b-150x150.jpg 150w, https:\/\/urszula.malbork.pl\/wp-content\/uploads\/2024\/08\/kosciol-3b-500x500.jpg 500w, https:\/\/urszula.malbork.pl\/wp-content\/uploads\/2024\/08\/kosciol-3b-260x260.jpg 260w, https:\/\/urszula.malbork.pl\/wp-content\/uploads\/2024\/08\/kosciol-3b-30x30.jpg 30w, https:\/\/urszula.malbork.pl\/wp-content\/uploads\/2024\/08\/kosciol-3b-10x10.jpg 10w\" srcset=\"https:\/\/urszula.malbork.pl\/wp-content\/uploads\/2024\/08\/kosciol-3b-30x30.jpg 30w, https:\/\/urszula.malbork.pl\/wp-content\/uploads\/2024\/08\/kosciol-3b-300x300.jpg 300w, https:\/\/urszula.malbork.pl\/wp-content\/uploads\/2024\/08\/kosciol-3b-150x150.jpg 150w, https:\/\/urszula.malbork.pl\/wp-content\/uploads\/2024\/08\/kosciol-3b-500x500.jpg 500w, https:\/\/urszula.malbork.pl\/wp-content\/uploads\/2024\/08\/kosciol-3b-260x260.jpg 260w, https:\/\/urszula.malbork.pl\/wp-content\/uploads\/2024\/08\/kosciol-3b-10x10.jpg 10w, https:\/\/urszula.malbork.pl\/wp-content\/uploads\/2024\/08\/kosciol-3b.jpg 600w\" sizes=\"(max-width: 600px) 100vw, 600px\" \/>\t\t\t\t\t\t\t\t\t\t\t\t\t\t\t<\/div>\n\t\t\t\t<\/div>\n\t\t\t\t<\/div>\n\t\t\t\t\t<\/div>\n\t\t\t\t<\/div>\n\t\t<div class=\"elementor-element elementor-element-56345b4 e-flex e-con-boxed cmsmasters-block-default e-con e-parent\" data-id=\"56345b4\" data-element_type=\"container\">\n\t\t\t\t\t<div class=\"e-con-inner\">\n\t\t\t\t<div class=\"elementor-element elementor-element-d1dd5dd cmsmasters-block-default cmsmasters-sticky-default elementor-widget elementor-widget-google_maps\" data-id=\"d1dd5dd\" data-element_type=\"widget\" data-widget_type=\"google_maps.default\">\n\t\t\t\t<div class=\"elementor-widget-container\">\n\t\t\t\t\t\t\t<div class=\"elementor-custom-embed\">\n\t\t\t<iframe loading=\"lazy\"\n\t\t\t\t\tsrc=\"https:\/\/maps.google.com\/maps?q=Malbork%2C%20Parafia%20%C5%9Bw.%20Urszuli%20Led%C3%B3chowskiej&#038;t=m&#038;z=17&#038;output=embed&#038;iwloc=near\"\n\t\t\t\t\ttitle=\"Malbork, Parafia \u015bw. Urszuli Led\u00f3chowskiej\"\n\t\t\t\t\taria-label=\"Malbork, Parafia \u015bw. Urszuli Led\u00f3chowskiej\"\n\t\t\t><\/iframe>\n\t\t<\/div>\n\t\t\t\t\t\t<\/div>\n\t\t\t\t<\/div>\n\t\t\t\t\t<\/div>\n\t\t\t\t<\/div>\n\t\t\t\t<\/div>\n\t\t","protected":false},"excerpt":{"rendered":"<p>Home\u2502No breadcrumbs Parafia Rzymskokatolicka pw. \u015bw. Urszuli Led\u00f3chowskiej w Malborku Zapraszamy do kontaktu bezpo\u015brednio po Mszach \u015bwi\u0119tych w zakrystii lub kancelarii parafialnej. Wezwania do chorych i zg\u0142oszenie pogrzebu o ka\u017cdej&#8230;<\/p>\n","protected":false},"author":1,"featured_media":0,"parent":0,"menu_order":0,"comment_status":"closed","ping_status":"closed","template":"","meta":{"_acf_changed":false,"ngg_post_thumbnail":0,"footnotes":"","_links_to":"","_links_to_target":""},"class_list":["post-36753","page","type-page","status-publish","hentry"],"acf":[],"_links":{"self":[{"href":"https:\/\/urszula.malbork.pl\/index.php\/wp-json\/wp\/v2\/pages\/36753","targetHints":{"allow":["GET"]}}],"collection":[{"href":"https:\/\/urszula.malbork.pl\/index.php\/wp-json\/wp\/v2\/pages"}],"about":[{"href":"https:\/\/urszula.malbork.pl\/index.php\/wp-json\/wp\/v2\/types\/page"}],"author":[{"embeddable":true,"href":"https:\/\/urszula.malbork.pl\/index.php\/wp-json\/wp\/v2\/users\/1"}],"replies":[{"embeddable":true,"href":"https:\/\/urszula.malbork.pl\/index.php\/wp-json\/wp\/v2\/comments?post=36753"}],"version-history":[{"count":24,"href":"https:\/\/urszula.malbork.pl\/index.php\/wp-json\/wp\/v2\/pages\/36753\/revisions"}],"predecessor-version":[{"id":40128,"href":"https:\/\/urszula.malbork.pl\/index.php\/wp-json\/wp\/v2\/pages\/36753\/revisions\/40128"}],"wp:attachment":[{"href":"https:\/\/urszula.malbork.pl\/index.php\/wp-json\/wp\/v2\/media?parent=36753"}],"curies":[{"name":"wp","href":"https:\/\/api.w.org\/{rel}","templated":true}]}}