{"id":37643,"date":"2023-12-07T18:00:27","date_gmt":"2023-12-07T18:00:27","guid":{"rendered":"https:\/\/theme-dev.cmsmasters.net\/church-main\/our-ministries\/"},"modified":"2024-10-17T19:20:30","modified_gmt":"2024-10-17T17:20:30","slug":"nasi-duszpasterze","status":"publish","type":"page","link":"https:\/\/urszula.malbork.pl\/index.php\/nasi-duszpasterze\/","title":{"rendered":"Nasi Duszpasterze"},"content":{"rendered":"\t\t<div data-elementor-type=\"wp-page\" data-elementor-id=\"37643\" class=\"elementor elementor-37643\">\n\t\t\t\t<div class=\"elementor-element elementor-element-758a0c1 e-flex e-con-boxed cmsmasters-bg-hide-none cmsmasters-bg-hide-none cmsmasters-block-default e-con e-parent\" data-id=\"758a0c1\" data-element_type=\"container\" data-settings=\"{&quot;background_background&quot;:&quot;classic&quot;}\">\n\t\t\t\t\t<div class=\"e-con-inner\">\n\t\t\t\t<div class=\"elementor-element elementor-element-e3611f5 cmsmasters-block-default cmsmasters-sticky-default elementor-widget elementor-widget-heading\" data-id=\"e3611f5\" data-element_type=\"widget\" data-widget_type=\"heading.default\">\n\t\t\t\t<div class=\"elementor-widget-container\">\n\t\t\t\t\t<h1 class=\"elementor-heading-title elementor-size-default\">Nasi Duszpasterze<\/h1>\t\t\t\t<\/div>\n\t\t\t\t<\/div>\n\t\t\t\t<div class=\"elementor-element elementor-element-dbf52a9 cmsmasters-separator-type-text cmsmasters-block-default cmsmasters-sticky-default elementor-widget elementor-widget-cmsmasters-breadcrumbs cmsmasters-widget-breadcrumbs\" data-id=\"dbf52a9\" data-element_type=\"widget\" data-widget_type=\"cmsmasters-breadcrumbs.default\">\n\t\t\t\t<div class=\"elementor-widget-container\">\n\t\t\t\t\t<div class=\"cmsmasters-widget-breadcrumbs__container\"><div class=\"cmsmasters-widget-breadcrumbs__content\"><a href=\"https:\/\/urszula.malbork.pl\/\" class=\"cmsmasters-home\">Home<\/a><span class=\"cmsmasters-widget-breadcrumbs__sep\"><span>\u2502<\/span><\/span><span>No breadcrumbs<\/span><\/div><\/div>\t\t\t\t<\/div>\n\t\t\t\t<\/div>\n\t\t\t\t\t<\/div>\n\t\t\t\t<\/div>\n\t\t<div class=\"elementor-element elementor-element-7877cb7b e-flex e-con-boxed cmsmasters-block-default e-con e-parent\" data-id=\"7877cb7b\" data-element_type=\"container\">\n\t\t\t\t\t<div class=\"e-con-inner\">\n\t\t<div class=\"elementor-element elementor-element-65569e50 e-con-full e-flex cmsmasters-block-default e-con e-child\" data-id=\"65569e50\" data-element_type=\"container\">\n\t\t\t\t<div class=\"elementor-element elementor-element-2f76279 cmsmasters-block-default cmsmasters-sticky-default elementor-widget elementor-widget-image\" data-id=\"2f76279\" data-element_type=\"widget\" data-widget_type=\"image.default\">\n\t\t\t\t<div class=\"elementor-widget-container\">\n\t\t\t\t\t\t\t\t\t\t\t\t\t\t\t<img fetchpriority=\"high\" decoding=\"async\" width=\"410\" height=\"360\" src=\"https:\/\/urszula.malbork.pl\/wp-content\/uploads\/2024\/08\/proboszcz-02-30x26.jpg\" class=\"attachment-medium_large size-medium_large wp-image-40491 cmsmasters_img cmsmasters-lazyload lazyload\" alt=\"\" data-sizes=\"(max-width: 410px) 100vw, 410px\" data-src=\"https:\/\/urszula.malbork.pl\/wp-content\/uploads\/2024\/08\/proboszcz-02.jpg\" data-srcset=\"https:\/\/urszula.malbork.pl\/wp-content\/uploads\/2024\/08\/proboszcz-02.jpg 410w, https:\/\/urszula.malbork.pl\/wp-content\/uploads\/2024\/08\/proboszcz-02-300x263.jpg 300w, https:\/\/urszula.malbork.pl\/wp-content\/uploads\/2024\/08\/proboszcz-02-342x300.jpg 342w, https:\/\/urszula.malbork.pl\/wp-content\/uploads\/2024\/08\/proboszcz-02-30x26.jpg 30w, https:\/\/urszula.malbork.pl\/wp-content\/uploads\/2024\/08\/proboszcz-02-11x10.jpg 11w\" srcset=\"https:\/\/urszula.malbork.pl\/wp-content\/uploads\/2024\/08\/proboszcz-02-30x26.jpg 30w, https:\/\/urszula.malbork.pl\/wp-content\/uploads\/2024\/08\/proboszcz-02-300x263.jpg 300w, https:\/\/urszula.malbork.pl\/wp-content\/uploads\/2024\/08\/proboszcz-02-342x300.jpg 342w, https:\/\/urszula.malbork.pl\/wp-content\/uploads\/2024\/08\/proboszcz-02-11x10.jpg 11w, https:\/\/urszula.malbork.pl\/wp-content\/uploads\/2024\/08\/proboszcz-02.jpg 410w\" sizes=\"(max-width: 410px) 100vw, 410px\" \/>\t\t\t\t\t\t\t\t\t\t\t\t\t\t\t<\/div>\n\t\t\t\t<\/div>\n\t\t\t\t<div class=\"elementor-element elementor-element-67aef76 cmsmasters-block-default cmsmasters-sticky-default elementor-widget elementor-widget-heading\" data-id=\"67aef76\" data-element_type=\"widget\" data-widget_type=\"heading.default\">\n\t\t\t\t<div class=\"elementor-widget-container\">\n\t\t\t\t\t<h4 class=\"elementor-heading-title elementor-size-default\">ks. kan. J\u00f3zef Mici\u0144ski<\/h4>\t\t\t\t<\/div>\n\t\t\t\t<\/div>\n\t\t\t\t<div class=\"elementor-element elementor-element-1716890 cmsmasters-block-default cmsmasters-sticky-default elementor-widget elementor-widget-heading\" data-id=\"1716890\" data-element_type=\"widget\" data-widget_type=\"heading.default\">\n\t\t\t\t<div class=\"elementor-widget-container\">\n\t\t\t\t\t<h6 class=\"elementor-heading-title elementor-size-default\">proboszcz<\/h6>\t\t\t\t<\/div>\n\t\t\t\t<\/div>\n\t\t\t\t<div class=\"elementor-element elementor-element-1e122c2 cmsmasters-block-default cmsmasters-sticky-default elementor-widget elementor-widget-text-editor\" data-id=\"1e122c2\" data-element_type=\"widget\" data-widget_type=\"text-editor.default\">\n\t\t\t\t<div class=\"elementor-widget-container\">\n\t\t\t\t\t\t\t\t\t<p><span style=\"color: #800000;\"><strong>Urodziny: <\/strong><\/span>4 grudnia<br \/><span style=\"color: #800000;\"><strong>Imieniny: <\/strong><\/span>19 marca<\/p><p>Uko\u0144czy\u0142 Wy\u017csze Seminarium Duchowne &#8222;Hosianum&#8221; w Olsztynie. 2 czerwca 1990r. otrzyma\u0142 Sakrament \u015awi\u0119ce\u0144 z r\u0105k J.E. Arcybiskupa Warmi\u0144skiego Edmunda Piszcza w katedrze olszty\u0144skiej.\u00a0<\/p><p><b><span style=\"color: #800000;\">Wikariusz w parafiach:<\/span><br \/><\/b>&#8211; \u015bw. Barbary w Krzy\u017canowie (1990-1992);<br \/>&#8211; \u015bw. J\u00f3zefa w Pas\u0142\u0119ku (1992-1994);<br \/>&#8211; \u015bw. Miko\u0142aja w Elbl\u0105gu (1994-1999)<\/p><p><b><span style=\"color: #800000;\">Proboszcz w parafii:<\/span><br \/><\/b>&#8211; Matki Bo\u017cej Kr\u00f3lowej Polski w Nebrowie Wielkim (1999-2003);<br \/>&#8211; \u015bw. Urszuli Led\u00f3chowskiej w Malborku (od 1 lipca 2003)<\/p>\t\t\t\t\t\t\t\t<\/div>\n\t\t\t\t<\/div>\n\t\t\t\t<\/div>\n\t\t<div class=\"elementor-element elementor-element-6e83082d e-con-full e-flex cmsmasters-block-default e-con e-child\" data-id=\"6e83082d\" data-element_type=\"container\">\n\t\t<div class=\"elementor-element elementor-element-3cb6c941 e-con-full e-flex cmsmasters-block-default e-con e-child\" data-id=\"3cb6c941\" data-element_type=\"container\">\n\t\t\t\t<div class=\"elementor-element elementor-element-199c8398 cmsmasters-block-default cmsmasters-sticky-default elementor-widget elementor-widget-image\" data-id=\"199c8398\" data-element_type=\"widget\" data-widget_type=\"image.default\">\n\t\t\t\t<div class=\"elementor-widget-container\">\n\t\t\t\t\t\t\t\t\t\t\t\t\t\t\t<img decoding=\"async\" width=\"410\" height=\"360\" src=\"https:\/\/urszula.malbork.pl\/wp-content\/uploads\/2024\/08\/wikariusz-1-30x26.jpg\" class=\"attachment-medium_large size-medium_large wp-image-39993 cmsmasters_img cmsmasters-lazyload lazyload\" alt=\"\" data-sizes=\"(max-width: 410px) 100vw, 410px\" data-src=\"https:\/\/urszula.malbork.pl\/wp-content\/uploads\/2024\/08\/wikariusz-1.jpg\" data-srcset=\"https:\/\/urszula.malbork.pl\/wp-content\/uploads\/2024\/08\/wikariusz-1.jpg 410w, https:\/\/urszula.malbork.pl\/wp-content\/uploads\/2024\/08\/wikariusz-1-300x263.jpg 300w, https:\/\/urszula.malbork.pl\/wp-content\/uploads\/2024\/08\/wikariusz-1-342x300.jpg 342w, https:\/\/urszula.malbork.pl\/wp-content\/uploads\/2024\/08\/wikariusz-1-30x26.jpg 30w, https:\/\/urszula.malbork.pl\/wp-content\/uploads\/2024\/08\/wikariusz-1-11x10.jpg 11w\" srcset=\"https:\/\/urszula.malbork.pl\/wp-content\/uploads\/2024\/08\/wikariusz-1-30x26.jpg 30w, https:\/\/urszula.malbork.pl\/wp-content\/uploads\/2024\/08\/wikariusz-1-300x263.jpg 300w, https:\/\/urszula.malbork.pl\/wp-content\/uploads\/2024\/08\/wikariusz-1-342x300.jpg 342w, https:\/\/urszula.malbork.pl\/wp-content\/uploads\/2024\/08\/wikariusz-1-11x10.jpg 11w, https:\/\/urszula.malbork.pl\/wp-content\/uploads\/2024\/08\/wikariusz-1.jpg 410w\" sizes=\"(max-width: 410px) 100vw, 410px\" \/>\t\t\t\t\t\t\t\t\t\t\t\t\t\t\t<\/div>\n\t\t\t\t<\/div>\n\t\t\t\t<\/div>\n\t\t\t\t<div class=\"elementor-element elementor-element-58425bcd cmsmasters-block-default cmsmasters-sticky-default elementor-widget elementor-widget-heading\" data-id=\"58425bcd\" data-element_type=\"widget\" data-widget_type=\"heading.default\">\n\t\t\t\t<div class=\"elementor-widget-container\">\n\t\t\t\t\t<h4 class=\"elementor-heading-title elementor-size-default\">ks. Micha\u0142 Zalewski<\/h4>\t\t\t\t<\/div>\n\t\t\t\t<\/div>\n\t\t\t\t<div class=\"elementor-element elementor-element-779d458b cmsmasters-block-default cmsmasters-sticky-default elementor-widget elementor-widget-heading\" data-id=\"779d458b\" data-element_type=\"widget\" data-widget_type=\"heading.default\">\n\t\t\t\t<div class=\"elementor-widget-container\">\n\t\t\t\t\t<h6 class=\"elementor-heading-title elementor-size-default\">wikariusz<\/h6>\t\t\t\t<\/div>\n\t\t\t\t<\/div>\n\t\t\t\t<div class=\"elementor-element elementor-element-14223af2 cmsmasters-block-default cmsmasters-sticky-default elementor-widget elementor-widget-text-editor\" data-id=\"14223af2\" data-element_type=\"widget\" data-widget_type=\"text-editor.default\">\n\t\t\t\t<div class=\"elementor-widget-container\">\n\t\t\t\t\t\t\t\t\t<p><strong>Urodziny: <\/strong>22 kwietnia\u00a0<br \/><strong>Imieniny: <\/strong>29 wrze\u015bnia<\/p><p>Pochodzi z Warszawy. Sakrament \u015awi\u0119ce\u0144 Kap\u0142a\u0144skich przyj\u0105\u0142 z r\u0105k J.E. Biskupa Elbl\u0105skiego Jacka Jezierskiego dnia 27 maja 2023. Od 1 lipca 2023 roku pracuje w naszej parafii jako wikariusz.<\/p>\t\t\t\t\t\t\t\t<\/div>\n\t\t\t\t<\/div>\n\t\t\t\t<\/div>\n\t\t<div class=\"elementor-element elementor-element-6451367 e-con-full e-flex cmsmasters-block-default e-con e-child\" data-id=\"6451367\" data-element_type=\"container\">\n\t\t\t\t<div class=\"elementor-element elementor-element-7cf01e45 cmsmasters-block-default cmsmasters-sticky-default elementor-widget elementor-widget-image\" data-id=\"7cf01e45\" data-element_type=\"widget\" data-widget_type=\"image.default\">\n\t\t\t\t<div class=\"elementor-widget-container\">\n\t\t\t\t\t\t\t\t\t\t\t\t\t\t\t<img decoding=\"async\" width=\"410\" height=\"360\" src=\"https:\/\/urszula.malbork.pl\/wp-content\/uploads\/2024\/08\/wikariusz-2b-30x26.jpg\" class=\"attachment-medium_large size-medium_large wp-image-41420 cmsmasters_img cmsmasters-lazyload lazyload\" alt=\"\" data-sizes=\"(max-width: 410px) 100vw, 410px\" data-src=\"https:\/\/urszula.malbork.pl\/wp-content\/uploads\/2024\/08\/wikariusz-2b.jpg\" data-srcset=\"https:\/\/urszula.malbork.pl\/wp-content\/uploads\/2024\/08\/wikariusz-2b.jpg 410w, https:\/\/urszula.malbork.pl\/wp-content\/uploads\/2024\/08\/wikariusz-2b-300x263.jpg 300w, https:\/\/urszula.malbork.pl\/wp-content\/uploads\/2024\/08\/wikariusz-2b-342x300.jpg 342w, https:\/\/urszula.malbork.pl\/wp-content\/uploads\/2024\/08\/wikariusz-2b-30x26.jpg 30w, https:\/\/urszula.malbork.pl\/wp-content\/uploads\/2024\/08\/wikariusz-2b-11x10.jpg 11w\" srcset=\"https:\/\/urszula.malbork.pl\/wp-content\/uploads\/2024\/08\/wikariusz-2b-30x26.jpg 30w, https:\/\/urszula.malbork.pl\/wp-content\/uploads\/2024\/08\/wikariusz-2b-300x263.jpg 300w, https:\/\/urszula.malbork.pl\/wp-content\/uploads\/2024\/08\/wikariusz-2b-342x300.jpg 342w, https:\/\/urszula.malbork.pl\/wp-content\/uploads\/2024\/08\/wikariusz-2b-11x10.jpg 11w, https:\/\/urszula.malbork.pl\/wp-content\/uploads\/2024\/08\/wikariusz-2b.jpg 410w\" sizes=\"(max-width: 410px) 100vw, 410px\" \/>\t\t\t\t\t\t\t\t\t\t\t\t\t\t\t<\/div>\n\t\t\t\t<\/div>\n\t\t\t\t<div class=\"elementor-element elementor-element-37a778a7 cmsmasters-block-default cmsmasters-sticky-default elementor-widget elementor-widget-heading\" data-id=\"37a778a7\" data-element_type=\"widget\" data-widget_type=\"heading.default\">\n\t\t\t\t<div class=\"elementor-widget-container\">\n\t\t\t\t\t<h4 class=\"elementor-heading-title elementor-size-default\">ks. Przemys\u0142aw Olejarz<\/h4>\t\t\t\t<\/div>\n\t\t\t\t<\/div>\n\t\t\t\t<div class=\"elementor-element elementor-element-6ba6ccd3 cmsmasters-block-default cmsmasters-sticky-default elementor-widget elementor-widget-heading\" data-id=\"6ba6ccd3\" data-element_type=\"widget\" data-widget_type=\"heading.default\">\n\t\t\t\t<div class=\"elementor-widget-container\">\n\t\t\t\t\t<h6 class=\"elementor-heading-title elementor-size-default\">wikariusz<\/h6>\t\t\t\t<\/div>\n\t\t\t\t<\/div>\n\t\t\t\t<div class=\"elementor-element elementor-element-6d46076a cmsmasters-block-default cmsmasters-sticky-default elementor-widget elementor-widget-text-editor\" data-id=\"6d46076a\" data-element_type=\"widget\" data-widget_type=\"text-editor.default\">\n\t\t\t\t<div class=\"elementor-widget-container\">\n\t\t\t\t\t\t\t\t\t<p><strong>Urodziny:<\/strong><br><strong>Imieniny:<\/strong>&nbsp;<\/p>\n<p>Pochodzi z Jaros\u0142awia. Sakrament \u015awi\u0119ce\u0144 Kap\u0142a\u0144skich przyj\u0105\u0142 z r\u0105k J.E. Biskupa Elbl\u0105skiego Jacka Jezierskiego dnia 27 maja 2023. Od 1 lipca 2024 roku pracuje w naszej parafii jako wikariusz.<\/p>\t\t\t\t\t\t\t\t<\/div>\n\t\t\t\t<\/div>\n\t\t\t\t<\/div>\n\t\t\t\t\t<\/div>\n\t\t\t\t<\/div>\n\t\t<div class=\"elementor-element elementor-element-a099e34 e-flex e-con-boxed cmsmasters-block-default e-con e-parent\" data-id=\"a099e34\" data-element_type=\"container\">\n\t\t\t\t\t<div class=\"e-con-inner\">\n\t\t<div class=\"elementor-element elementor-element-baa69b2 e-con-full e-flex cmsmasters-block-default e-con e-child\" data-id=\"baa69b2\" data-element_type=\"container\">\n\t\t<div class=\"elementor-element elementor-element-d182b9c e-con-full e-flex cmsmasters-block-default e-con e-child\" data-id=\"d182b9c\" data-element_type=\"container\">\n\t\t\t\t<div class=\"elementor-element elementor-element-831e81d cmsmasters-block-default cmsmasters-sticky-default elementor-widget elementor-widget-image\" data-id=\"831e81d\" data-element_type=\"widget\" data-widget_type=\"image.default\">\n\t\t\t\t<div class=\"elementor-widget-container\">\n\t\t\t\t\t\t\t\t\t\t\t\t\t\t\t<img loading=\"lazy\" decoding=\"async\" width=\"410\" height=\"360\" src=\"https:\/\/urszula.malbork.pl\/wp-content\/uploads\/2024\/08\/rezydent-04-30x26.jpg\" class=\"attachment-medium_large size-medium_large wp-image-40494 cmsmasters_img cmsmasters-lazyload lazyload\" alt=\"\" data-sizes=\"(max-width: 410px) 100vw, 410px\" data-src=\"https:\/\/urszula.malbork.pl\/wp-content\/uploads\/2024\/08\/rezydent-04.jpg\" data-srcset=\"https:\/\/urszula.malbork.pl\/wp-content\/uploads\/2024\/08\/rezydent-04.jpg 410w, https:\/\/urszula.malbork.pl\/wp-content\/uploads\/2024\/08\/rezydent-04-300x263.jpg 300w, https:\/\/urszula.malbork.pl\/wp-content\/uploads\/2024\/08\/rezydent-04-342x300.jpg 342w, https:\/\/urszula.malbork.pl\/wp-content\/uploads\/2024\/08\/rezydent-04-30x26.jpg 30w, https:\/\/urszula.malbork.pl\/wp-content\/uploads\/2024\/08\/rezydent-04-11x10.jpg 11w\" srcset=\"https:\/\/urszula.malbork.pl\/wp-content\/uploads\/2024\/08\/rezydent-04-30x26.jpg 30w, https:\/\/urszula.malbork.pl\/wp-content\/uploads\/2024\/08\/rezydent-04-300x263.jpg 300w, https:\/\/urszula.malbork.pl\/wp-content\/uploads\/2024\/08\/rezydent-04-342x300.jpg 342w, https:\/\/urszula.malbork.pl\/wp-content\/uploads\/2024\/08\/rezydent-04-11x10.jpg 11w, https:\/\/urszula.malbork.pl\/wp-content\/uploads\/2024\/08\/rezydent-04.jpg 410w\" sizes=\"(max-width: 410px) 100vw, 410px\" \/>\t\t\t\t\t\t\t\t\t\t\t\t\t\t\t<\/div>\n\t\t\t\t<\/div>\n\t\t\t\t<\/div>\n\t\t\t\t<div class=\"elementor-element elementor-element-362a36c cmsmasters-block-default cmsmasters-sticky-default elementor-widget elementor-widget-heading\" data-id=\"362a36c\" data-element_type=\"widget\" data-widget_type=\"heading.default\">\n\t\t\t\t<div class=\"elementor-widget-container\">\n\t\t\t\t\t<h4 class=\"elementor-heading-title elementor-size-default\">ks. Marek Sad\u0142ocha<\/h4>\t\t\t\t<\/div>\n\t\t\t\t<\/div>\n\t\t\t\t<div class=\"elementor-element elementor-element-53c0f9c cmsmasters-block-default cmsmasters-sticky-default elementor-widget elementor-widget-heading\" data-id=\"53c0f9c\" data-element_type=\"widget\" data-widget_type=\"heading.default\">\n\t\t\t\t<div class=\"elementor-widget-container\">\n\t\t\t\t\t<h6 class=\"elementor-heading-title elementor-size-default\">Rezydent<\/h6>\t\t\t\t<\/div>\n\t\t\t\t<\/div>\n\t\t\t\t<div class=\"elementor-element elementor-element-5177e86 cmsmasters-block-default cmsmasters-sticky-default elementor-widget elementor-widget-text-editor\" data-id=\"5177e86\" data-element_type=\"widget\" data-widget_type=\"text-editor.default\">\n\t\t\t\t<div class=\"elementor-widget-container\">\n\t\t\t\t\t\t\t\t\t<p><strong>Urodzony: <\/strong>29.08.1993 r.\u00a0 w Malborku<br \/><strong>Imieniny: <\/strong>25 kwietnia<\/p><p>Pochodzi z Nowego Stawu. Sakrament \u015awi\u0119ce\u0144 Kap\u0142a\u0144skich przyj\u0105\u0142 z r\u0105k J.E. Biskupa Elbl\u0105skiego Jacka Jezierskiego, dnia 26\u00a0maja 2018\u00a0roku. Od\u00a01 lipca 2018\u00a0roku wikariusz naszej parafii. Poza tym cz\u0142onek komisji ds. muzyki ko\u015bcielnej diecezji elbl\u0105skiej, dyrektor Elbl\u0105skiej Pielgrzymki Pieszej na Jasn\u0105 G\u00f3r\u0119.<\/p><p>Od 1 pa\u017adziernika 2021 roku studiuje muzykologi\u0119 na Katolickim Uniwersytecie Lubelskim.\u00a0<\/p>\t\t\t\t\t\t\t\t<\/div>\n\t\t\t\t<\/div>\n\t\t\t\t<\/div>\n\t\t<div class=\"elementor-element elementor-element-9875c2d e-con-full e-flex cmsmasters-block-default e-con e-child\" data-id=\"9875c2d\" data-element_type=\"container\">\n\t\t\t\t<div class=\"elementor-element elementor-element-6552b32 cmsmasters-block-default cmsmasters-sticky-default elementor-widget elementor-widget-image\" data-id=\"6552b32\" data-element_type=\"widget\" data-widget_type=\"image.default\">\n\t\t\t\t<div class=\"elementor-widget-container\">\n\t\t\t\t\t\t\t\t\t\t\t\t\t\t\t<img loading=\"lazy\" decoding=\"async\" width=\"426\" height=\"372\" src=\"https:\/\/urszula.malbork.pl\/wp-content\/uploads\/2024\/10\/diakon-e1729184283815-30x26.jpeg\" class=\"attachment-medium_large size-medium_large wp-image-41938 cmsmasters_img cmsmasters-lazyload lazyload\" alt=\"\" data-sizes=\"(max-width: 426px) 100vw, 426px\" data-src=\"https:\/\/urszula.malbork.pl\/wp-content\/uploads\/2024\/10\/diakon-e1729184283815.jpeg\" data-srcset=\"https:\/\/urszula.malbork.pl\/wp-content\/uploads\/2024\/10\/diakon-e1729184283815.jpeg 426w, https:\/\/urszula.malbork.pl\/wp-content\/uploads\/2024\/10\/diakon-e1729184283815-300x262.jpeg 300w, https:\/\/urszula.malbork.pl\/wp-content\/uploads\/2024\/10\/diakon-e1729184283815-344x300.jpeg 344w, https:\/\/urszula.malbork.pl\/wp-content\/uploads\/2024\/10\/diakon-e1729184283815-30x26.jpeg 30w, https:\/\/urszula.malbork.pl\/wp-content\/uploads\/2024\/10\/diakon-e1729184283815-11x10.jpeg 11w\" srcset=\"https:\/\/urszula.malbork.pl\/wp-content\/uploads\/2024\/10\/diakon-e1729184283815-30x26.jpeg 30w, https:\/\/urszula.malbork.pl\/wp-content\/uploads\/2024\/10\/diakon-e1729184283815-300x262.jpeg 300w, https:\/\/urszula.malbork.pl\/wp-content\/uploads\/2024\/10\/diakon-e1729184283815-344x300.jpeg 344w, https:\/\/urszula.malbork.pl\/wp-content\/uploads\/2024\/10\/diakon-e1729184283815-11x10.jpeg 11w, https:\/\/urszula.malbork.pl\/wp-content\/uploads\/2024\/10\/diakon-e1729184283815.jpeg 426w\" sizes=\"(max-width: 426px) 100vw, 426px\" \/>\t\t\t\t\t\t\t\t\t\t\t\t\t\t\t<\/div>\n\t\t\t\t<\/div>\n\t\t\t\t<div class=\"elementor-element elementor-element-ed3bb19 cmsmasters-block-default cmsmasters-sticky-default elementor-widget elementor-widget-heading\" data-id=\"ed3bb19\" data-element_type=\"widget\" data-widget_type=\"heading.default\">\n\t\t\t\t<div class=\"elementor-widget-container\">\n\t\t\t\t\t<h4 class=\"elementor-heading-title elementor-size-default\">dk. Piotr Olbry\u015b<\/h4>\t\t\t\t<\/div>\n\t\t\t\t<\/div>\n\t\t\t\t<div class=\"elementor-element elementor-element-89a6b6c cmsmasters-block-default cmsmasters-sticky-default elementor-widget elementor-widget-heading\" data-id=\"89a6b6c\" data-element_type=\"widget\" data-widget_type=\"heading.default\">\n\t\t\t\t<div class=\"elementor-widget-container\">\n\t\t\t\t\t<h6 class=\"elementor-heading-title elementor-size-default\">diakon sta\u0142y<\/h6>\t\t\t\t<\/div>\n\t\t\t\t<\/div>\n\t\t\t\t<div class=\"elementor-element elementor-element-8fdf01d cmsmasters-block-default cmsmasters-sticky-default elementor-widget elementor-widget-text-editor\" data-id=\"8fdf01d\" data-element_type=\"widget\" data-widget_type=\"text-editor.default\">\n\t\t\t\t<div class=\"elementor-widget-container\">\n\t\t\t\t\t\t\t\t\t<p><strong>Urodziny: <\/strong>09 maja 1969r.<br \/><strong>Imieniny: <\/strong>29 czerwca<\/p>\n<p class=\"Standard\">Pochodzi z Elbl\u0105ga. Z wykszta\u0142cenia pedagog i teolog, w praktyce katecheta. Uko\u0144czy\u0142\u00a0 studia w Papieskiej Akademii Teologicznej w Krakowie wydzia\u0142 Warmi\u0144skiego Instytutu Teologicznego Historyczno \u2013 Pastoralnego w Olsztynie, posiada przygotowanie z zakresu oligofrenopedagogiki.\u00a0 Aktualnie pracuje w Specjalnym O\u015brodku Szkolno \u2013 Wychowawczym w Malborku z dzie\u0107mi i m\u0142odzie\u017c\u0105 z niepe\u0142nosprawno\u015bci\u0105 intelektualn\u0105. M\u0105\u017c i tata pi\u0105tki dzieci.<\/p>\n<p class=\"Standard\">\u015awi\u0119cenia diakonatu przyj\u0105\u0142 w katedrze elbl\u0105skiej z r\u0105k biskupa Wojciecha Skibickiego 1 lipca 2023 roku i od tego dnia dekretem Biskupa Elbl\u0105skiego Jacka Jezierskiego sprawuje pos\u0142ug\u0119 w naszej parafialnej wsp\u00f3lnocie . W parafii animuje prac\u0119 z dzie\u0107mi, wsp\u00f3\u0142prowadzi ministrant\u00f3w. Wraz z \u017con\u0105, jako cz\u0142onkowie Katolickiego Ruchu Spotkania Ma\u0142\u017ce\u0144skie, od wielu lat\u00a0 prowadz\u0105 Wieczory dla Zakochanych, przygotowuj\u0105ce narzeczonych do przyj\u0119cia sakramentu ma\u0142\u017ce\u0144stwa.<\/p>\t\t\t\t\t\t\t\t<\/div>\n\t\t\t\t<\/div>\n\t\t\t\t<\/div>\n\t\t\t\t\t<\/div>\n\t\t\t\t<\/div>\n\t\t\t\t<\/div>\n\t\t","protected":false},"excerpt":{"rendered":"<p>Nasi Duszpasterze Home\u2502No breadcrumbs ks. kan. J\u00f3zef Mici\u0144ski proboszcz Urodziny: 4 grudniaImieniny: 19 marca Uko\u0144czy\u0142 Wy\u017csze Seminarium Duchowne &#8222;Hosianum&#8221; w Olsztynie. 2 czerwca 1990r. otrzyma\u0142 Sakrament \u015awi\u0119ce\u0144 z r\u0105k J.E&#8230;.<\/p>\n","protected":false},"author":1,"featured_media":0,"parent":0,"menu_order":0,"comment_status":"closed","ping_status":"closed","template":"","meta":{"_acf_changed":false,"ngg_post_thumbnail":0,"footnotes":"","_links_to":"","_links_to_target":""},"class_list":["post-37643","page","type-page","status-publish","hentry"],"acf":[],"_links":{"self":[{"href":"https:\/\/urszula.malbork.pl\/index.php\/wp-json\/wp\/v2\/pages\/37643","targetHints":{"allow":["GET"]}}],"collection":[{"href":"https:\/\/urszula.malbork.pl\/index.php\/wp-json\/wp\/v2\/pages"}],"about":[{"href":"https:\/\/urszula.malbork.pl\/index.php\/wp-json\/wp\/v2\/types\/page"}],"author":[{"embeddable":true,"href":"https:\/\/urszula.malbork.pl\/index.php\/wp-json\/wp\/v2\/users\/1"}],"replies":[{"embeddable":true,"href":"https:\/\/urszula.malbork.pl\/index.php\/wp-json\/wp\/v2\/comments?post=37643"}],"version-history":[{"count":41,"href":"https:\/\/urszula.malbork.pl\/index.php\/wp-json\/wp\/v2\/pages\/37643\/revisions"}],"predecessor-version":[{"id":41950,"href":"https:\/\/urszula.malbork.pl\/index.php\/wp-json\/wp\/v2\/pages\/37643\/revisions\/41950"}],"wp:attachment":[{"href":"https:\/\/urszula.malbork.pl\/index.php\/wp-json\/wp\/v2\/media?parent=37643"}],"curies":[{"name":"wp","href":"https:\/\/api.w.org\/{rel}","templated":true}]}}