{"id":38366,"date":"2023-11-28T11:02:37","date_gmt":"2023-11-28T11:02:37","guid":{"rendered":"https:\/\/theme-dev.cmsmasters.net\/church-main\/cart\/"},"modified":"2024-08-12T15:59:52","modified_gmt":"2024-08-12T15:59:52","slug":"ogloszenia-duszpasterskie","status":"publish","type":"page","link":"https:\/\/urszula.malbork.pl\/index.php\/ogloszenia-duszpasterskie\/","title":{"rendered":"Og\u0142oszenia Duszpasterskie"},"content":{"rendered":"\t\t<div data-elementor-type=\"wp-page\" data-elementor-id=\"38366\" class=\"elementor elementor-38366\">\n\t\t\t\t<div class=\"elementor-element elementor-element-51b5826 cmsmasters-section-for-header-yes e-flex e-con-boxed cmsmasters-block-default e-con e-parent\" data-id=\"51b5826\" data-element_type=\"container\" data-settings=\"{&quot;background_background&quot;:&quot;classic&quot;}\">\n\t\t\t\t\t<div class=\"e-con-inner\">\n\t\t\t\t<div class=\"elementor-element elementor-element-aa4bd3b cmsmasters-line-clamp-no cmsmasters-color-variation-default cmsmasters-pointer-none cmsmasters-block-default cmsmasters-sticky-default elementor-widget elementor-widget-cmsmasters-page-title cmsmasters-widget-title\" data-id=\"aa4bd3b\" data-element_type=\"widget\" data-widget_type=\"cmsmasters-page-title.default\">\n\t\t\t\t<div class=\"elementor-widget-container\">\n\t\t\t\t\t<h1 class=\"entry-title cmsmasters-widget-title__heading \">Archiwa<\/h1>\t\t\t\t<\/div>\n\t\t\t\t<\/div>\n\t\t\t\t<div class=\"elementor-element elementor-element-e1d3be3 cmsmasters-breadcrumbs-alignment-right cmsmasters-breadcrumbs-alignment-mobile-left cmsmasters-separator-type-text cmsmasters-block-default cmsmasters-sticky-default elementor-widget elementor-widget-cmsmasters-breadcrumbs cmsmasters-widget-breadcrumbs\" data-id=\"e1d3be3\" data-element_type=\"widget\" data-widget_type=\"cmsmasters-breadcrumbs.default\">\n\t\t\t\t<div class=\"elementor-widget-container\">\n\t\t\t\t\t<div class=\"cmsmasters-widget-breadcrumbs__container\"><div class=\"cmsmasters-widget-breadcrumbs__content\"><a href=\"https:\/\/urszula.malbork.pl\/\" class=\"cmsmasters-home\">Home<\/a><span class=\"cmsmasters-widget-breadcrumbs__sep\"><span>|<\/span><\/span><span>No breadcrumbs<\/span><\/div><\/div>\t\t\t\t<\/div>\n\t\t\t\t<\/div>\n\t\t\t\t\t<\/div>\n\t\t\t\t<\/div>\n\t\t<div class=\"elementor-element elementor-element-654d550 e-flex e-con-boxed cmsmasters-block-default e-con e-parent\" data-id=\"654d550\" data-element_type=\"container\">\n\t\t\t\t\t<div class=\"e-con-inner\">\n\t\t\t\t<div class=\"elementor-element elementor-element-6b4840a cmsmasters--custom-image-ratio cmsmasters-blog--layout-default cmsmasters-blog-grid-marker__marker-icon cmsmasters-pagination--pagination cmsmasters-pagination-pagination-type--numbers_and_prev_next cmsmasters-block-default cmsmasters-sticky-default elementor-widget elementor-widget-cmsmasters-blog-grid elementor-widget-cmsmasters-blog-similar\" data-id=\"6b4840a\" data-element_type=\"widget\" data-settings=\"{&quot;border_horizontal_width&quot;:{&quot;unit&quot;:&quot;px&quot;,&quot;size&quot;:1,&quot;sizes&quot;:[]},&quot;blog_layout&quot;:&quot;default&quot;,&quot;columns&quot;:3,&quot;columns_mobile&quot;:&quot;1&quot;,&quot;blog_post_type&quot;:&quot;post&quot;,&quot;query_control_prefix&quot;:&quot;blog&quot;,&quot;post_gap_column&quot;:{&quot;unit&quot;:&quot;px&quot;,&quot;size&quot;:&quot;&quot;,&quot;sizes&quot;:[]},&quot;post_gap_column_widescreen&quot;:{&quot;unit&quot;:&quot;px&quot;,&quot;size&quot;:&quot;&quot;,&quot;sizes&quot;:[]},&quot;post_gap_column_tablet&quot;:{&quot;unit&quot;:&quot;px&quot;,&quot;size&quot;:&quot;&quot;,&quot;sizes&quot;:[]},&quot;post_gap_row&quot;:{&quot;unit&quot;:&quot;px&quot;,&quot;size&quot;:&quot;&quot;,&quot;sizes&quot;:[]},&quot;post_gap_row_widescreen&quot;:{&quot;unit&quot;:&quot;px&quot;,&quot;size&quot;:&quot;&quot;,&quot;sizes&quot;:[]},&quot;post_gap_row_tablet&quot;:{&quot;unit&quot;:&quot;px&quot;,&quot;size&quot;:&quot;&quot;,&quot;sizes&quot;:[]},&quot;post_gap_row_mobile&quot;:{&quot;unit&quot;:&quot;px&quot;,&quot;size&quot;:&quot;&quot;,&quot;sizes&quot;:[]},&quot;border_columns_type&quot;:&quot;solid&quot;,&quot;border_vertical_width&quot;:{&quot;unit&quot;:&quot;px&quot;,&quot;size&quot;:1,&quot;sizes&quot;:[]},&quot;border_vertical_width_widescreen&quot;:{&quot;unit&quot;:&quot;px&quot;,&quot;size&quot;:&quot;&quot;,&quot;sizes&quot;:[]},&quot;border_vertical_width_tablet&quot;:{&quot;unit&quot;:&quot;px&quot;,&quot;size&quot;:&quot;&quot;,&quot;sizes&quot;:[]},&quot;border_vertical_width_mobile&quot;:{&quot;unit&quot;:&quot;px&quot;,&quot;size&quot;:&quot;&quot;,&quot;sizes&quot;:[]},&quot;border_horizontal_width_widescreen&quot;:{&quot;unit&quot;:&quot;px&quot;,&quot;size&quot;:&quot;&quot;,&quot;sizes&quot;:[]},&quot;border_horizontal_width_tablet&quot;:{&quot;unit&quot;:&quot;px&quot;,&quot;size&quot;:&quot;&quot;,&quot;sizes&quot;:[]},&quot;border_horizontal_width_mobile&quot;:{&quot;unit&quot;:&quot;px&quot;,&quot;size&quot;:&quot;&quot;,&quot;sizes&quot;:[]},&quot;pagination_show&quot;:&quot;yes&quot;,&quot;pagination_type&quot;:&quot;pagination&quot;,&quot;pagination_via_ajax&quot;:&quot;yes&quot;,&quot;pagination_save_state&quot;:&quot;yes&quot;}\" data-widget_type=\"cmsmasters-blog-grid.default\" data-document-id=\"38366\">\n\t\t\t\t<div class=\"elementor-widget-container\">\n\t\t\t\t\t<div class=\"cmsmasters-blog cmsmasters-blog-grid cmsmasters-blog--type-default\"><div class=\"cmsmasters-blog__posts-variable\"><div class=\"cmsmasters-blog__posts-wrap\"><div class=\"cmsmasters-blog__posts\"><article id=\"post-46365\" class=\"cmsmasters-blog__post post-46365 post type-post status-publish format-standard has-post-thumbnail hentry category-ogloszenia\"><div class=\"cmsmasters-blog__post-inner\"><div class=\"cmsmasters-blog__post-thumbnail\"><a href=\"https:\/\/urszula.malbork.pl\/index.php\/2026\/04\/12\/niedziela-milosierdzia-bozego-12-04-2026\/\" class=\"cmsmasters-blog__post-thumbnail__inner\"><img fetchpriority=\"high\" decoding=\"async\" width=\"603\" height=\"800\" src=\"https:\/\/urszula.malbork.pl\/wp-content\/uploads\/2026\/04\/niedziela-milosierdzia-30x40.jpg\" class=\"attachment-medium_large size-medium_large wp-image-46366 cmsmasters_img cmsmasters-lazyload lazyload\" alt=\"\" data-sizes=\"auto\" data-src=\"https:\/\/urszula.malbork.pl\/wp-content\/uploads\/2026\/04\/niedziela-milosierdzia-e1775221250581.jpg\" \/><\/a><\/div><h3 class=\"cmsmasters-blog__post-title\"><a href=\"https:\/\/urszula.malbork.pl\/index.php\/2026\/04\/12\/niedziela-milosierdzia-bozego-12-04-2026\/\">Niedziela Mi\u0142osierdzia Bo\u017cego &#8211; 12.04.2026<\/a><\/h3><div class=\"cmsmasters-blog__post-excerpt\">Mi\u0142osierdzie Bo\u017ce nasz\u0105 nadziej\u0105<\/div><div class=\"cmsmasters-blog__post_footer\"><div class=\"cmsmasters-widget-meta-data\" data-name=\"meta_data_bottom\"><div class=\"cmsmasters-widget-meta-data-inner\"><div class=\"cmsmasters-widget-meta-data-item\"><span class=\"cmsmasters-postmeta\" data-name=\"date\"><span class=\"cmsmasters-postmeta__inner\"><span class=\"cmsmasters-postmeta__content\"><span>12 kwietnia, 2026<\/span><\/span><\/span><\/span><\/div><\/div><\/div><a class=\"cmsmasters-blog__post__read_more cmsmasters-theme-button\" href=\"https:\/\/urszula.malbork.pl\/index.php\/2026\/04\/12\/niedziela-milosierdzia-bozego-12-04-2026\/\"><span>Czytaj dalej<\/span><\/a><\/div><\/div><\/article><article id=\"post-46361\" class=\"cmsmasters-blog__post post-46361 post type-post status-publish format-standard has-post-thumbnail hentry category-ogloszenia\"><div class=\"cmsmasters-blog__post-inner\"><div class=\"cmsmasters-blog__post-thumbnail\"><a href=\"https:\/\/urszula.malbork.pl\/index.php\/2026\/04\/04\/wielkanoc-05-04-2026\/\" class=\"cmsmasters-blog__post-thumbnail__inner\"><img decoding=\"async\" width=\"768\" height=\"768\" src=\"https:\/\/urszula.malbork.pl\/wp-content\/uploads\/2026\/04\/Zmartwychwstanie-2-30x30.jpg\" class=\"attachment-medium_large size-medium_large wp-image-46363 cmsmasters_img cmsmasters-lazyload lazyload\" alt=\"\" data-sizes=\"(max-width: 768px) 100vw, 768px\" data-src=\"https:\/\/urszula.malbork.pl\/wp-content\/uploads\/2026\/04\/Zmartwychwstanie-2-768x768.jpg\" data-srcset=\"https:\/\/urszula.malbork.pl\/wp-content\/uploads\/2026\/04\/Zmartwychwstanie-2-768x768.jpg 768w, https:\/\/urszula.malbork.pl\/wp-content\/uploads\/2026\/04\/Zmartwychwstanie-2-300x300.jpg 300w, https:\/\/urszula.malbork.pl\/wp-content\/uploads\/2026\/04\/Zmartwychwstanie-2-1024x1024.jpg 1024w, https:\/\/urszula.malbork.pl\/wp-content\/uploads\/2026\/04\/Zmartwychwstanie-2-150x150.jpg 150w, https:\/\/urszula.malbork.pl\/wp-content\/uploads\/2026\/04\/Zmartwychwstanie-2-500x500.jpg 500w, https:\/\/urszula.malbork.pl\/wp-content\/uploads\/2026\/04\/Zmartwychwstanie-2-260x260.jpg 260w, https:\/\/urszula.malbork.pl\/wp-content\/uploads\/2026\/04\/Zmartwychwstanie-2-30x30.jpg 30w, https:\/\/urszula.malbork.pl\/wp-content\/uploads\/2026\/04\/Zmartwychwstanie-2-10x10.jpg 10w, https:\/\/urszula.malbork.pl\/wp-content\/uploads\/2026\/04\/Zmartwychwstanie-2-e1775221309719.jpg 1000w\" \/><\/a><\/div><h3 class=\"cmsmasters-blog__post-title\"><a href=\"https:\/\/urszula.malbork.pl\/index.php\/2026\/04\/04\/wielkanoc-05-04-2026\/\">Wielkanoc &#8211; 05.04.2026<\/a><\/h3><div class=\"cmsmasters-blog__post-excerpt\">Chrystus zmartwychwsta\u0142 !!!<\/div><div class=\"cmsmasters-blog__post_footer\"><div class=\"cmsmasters-widget-meta-data\" data-name=\"meta_data_bottom\"><div class=\"cmsmasters-widget-meta-data-inner\"><div class=\"cmsmasters-widget-meta-data-item\"><span class=\"cmsmasters-postmeta\" data-name=\"date\"><span class=\"cmsmasters-postmeta__inner\"><span class=\"cmsmasters-postmeta__content\"><span>4 kwietnia, 2026<\/span><\/span><\/span><\/span><\/div><\/div><\/div><a class=\"cmsmasters-blog__post__read_more cmsmasters-theme-button\" href=\"https:\/\/urszula.malbork.pl\/index.php\/2026\/04\/04\/wielkanoc-05-04-2026\/\"><span>Czytaj dalej<\/span><\/a><\/div><\/div><\/article><article id=\"post-46339\" class=\"cmsmasters-blog__post post-46339 post type-post status-publish format-standard has-post-thumbnail hentry category-ogloszenia\"><div class=\"cmsmasters-blog__post-inner\"><div class=\"cmsmasters-blog__post-thumbnail\"><a href=\"https:\/\/urszula.malbork.pl\/index.php\/2026\/03\/29\/niedziela-meki-panskiej-29-03-2026-niedziela-palmowa\/\" class=\"cmsmasters-blog__post-thumbnail__inner\"><img decoding=\"async\" width=\"338\" height=\"480\" src=\"data:image\/png;base64,iVBORw0KGgoAAAANSUhEUgAAAVIAAAHgAQMAAADNGXfSAAAAA1BMVEUAAP+KeNJXAAAAAXRSTlMAQObYZgAAAAlwSFlzAAAOxAAADsQBlSsOGwAAACtJREFUeNrtwQENAAAAwqD3T20PBxQAAAAAAAAAAAAAAAAAAAAAAAAAAM8GUoAAAWpiZSAAAAAASUVORK5CYII=\" class=\"attachment-medium_large size-medium_large wp-image-46340 cmsmasters_img cmsmasters-lazyload lazyload\" alt=\"\" data-sizes=\"auto\" data-src=\"https:\/\/urszula.malbork.pl\/wp-content\/uploads\/2026\/03\/unnamed-1.jpg\" \/><\/a><\/div><h3 class=\"cmsmasters-blog__post-title\"><a href=\"https:\/\/urszula.malbork.pl\/index.php\/2026\/03\/29\/niedziela-meki-panskiej-29-03-2026-niedziela-palmowa\/\">Niedziela M\u0119ki Pa\u0144skiej &#8211; 29.03.2026 Niedziela Palmowa<\/a><\/h3><div class=\"cmsmasters-blog__post-excerpt\">Zaczynamy Wielki Tydzie\u0144<\/div><div class=\"cmsmasters-blog__post_footer\"><div class=\"cmsmasters-widget-meta-data\" data-name=\"meta_data_bottom\"><div class=\"cmsmasters-widget-meta-data-inner\"><div class=\"cmsmasters-widget-meta-data-item\"><span class=\"cmsmasters-postmeta\" data-name=\"date\"><span class=\"cmsmasters-postmeta__inner\"><span class=\"cmsmasters-postmeta__content\"><span>29 marca, 2026<\/span><\/span><\/span><\/span><\/div><\/div><\/div><a class=\"cmsmasters-blog__post__read_more cmsmasters-theme-button\" href=\"https:\/\/urszula.malbork.pl\/index.php\/2026\/03\/29\/niedziela-meki-panskiej-29-03-2026-niedziela-palmowa\/\"><span>Czytaj dalej<\/span><\/a><\/div><\/div><\/article><article id=\"post-46331\" class=\"cmsmasters-blog__post post-46331 post type-post status-publish format-standard has-post-thumbnail hentry category-ogloszenia\"><div class=\"cmsmasters-blog__post-inner\"><div class=\"cmsmasters-blog__post-thumbnail\"><a href=\"https:\/\/urszula.malbork.pl\/index.php\/2026\/03\/22\/v-niedziela-wielkiego-postu-22-03-2026\/\" class=\"cmsmasters-blog__post-thumbnail__inner\"><img loading=\"lazy\" decoding=\"async\" width=\"768\" height=\"517\" src=\"https:\/\/urszula.malbork.pl\/wp-content\/uploads\/2026\/03\/wskrzeszenie-lazarza-30x20.jpg\" class=\"attachment-medium_large size-medium_large wp-image-46332 cmsmasters_img cmsmasters-lazyload lazyload\" alt=\"\" data-sizes=\"(max-width: 768px) 100vw, 768px\" data-src=\"https:\/\/urszula.malbork.pl\/wp-content\/uploads\/2026\/03\/wskrzeszenie-lazarza-768x517.jpg\" data-srcset=\"https:\/\/urszula.malbork.pl\/wp-content\/uploads\/2026\/03\/wskrzeszenie-lazarza-768x517.jpg 768w, https:\/\/urszula.malbork.pl\/wp-content\/uploads\/2026\/03\/wskrzeszenie-lazarza-300x202.jpg 300w, https:\/\/urszula.malbork.pl\/wp-content\/uploads\/2026\/03\/wskrzeszenie-lazarza-1024x689.jpg 1024w, https:\/\/urszula.malbork.pl\/wp-content\/uploads\/2026\/03\/wskrzeszenie-lazarza-446x300.jpg 446w, https:\/\/urszula.malbork.pl\/wp-content\/uploads\/2026\/03\/wskrzeszenie-lazarza-30x19.jpg 30w, https:\/\/urszula.malbork.pl\/wp-content\/uploads\/2026\/03\/wskrzeszenie-lazarza-15x10.jpg 15w, https:\/\/urszula.malbork.pl\/wp-content\/uploads\/2026\/03\/wskrzeszenie-lazarza.jpg 1173w\" srcset=\"https:\/\/urszula.malbork.pl\/wp-content\/uploads\/2026\/03\/wskrzeszenie-lazarza-30x19.jpg 30w, https:\/\/urszula.malbork.pl\/wp-content\/uploads\/2026\/03\/wskrzeszenie-lazarza-300x202.jpg 300w, https:\/\/urszula.malbork.pl\/wp-content\/uploads\/2026\/03\/wskrzeszenie-lazarza-1024x689.jpg 1024w, https:\/\/urszula.malbork.pl\/wp-content\/uploads\/2026\/03\/wskrzeszenie-lazarza-768x517.jpg 768w, https:\/\/urszula.malbork.pl\/wp-content\/uploads\/2026\/03\/wskrzeszenie-lazarza-446x300.jpg 446w, https:\/\/urszula.malbork.pl\/wp-content\/uploads\/2026\/03\/wskrzeszenie-lazarza-15x10.jpg 15w, https:\/\/urszula.malbork.pl\/wp-content\/uploads\/2026\/03\/wskrzeszenie-lazarza.jpg 1173w\" sizes=\"(max-width: 768px) 100vw, 768px\" \/><\/a><\/div><h3 class=\"cmsmasters-blog__post-title\"><a href=\"https:\/\/urszula.malbork.pl\/index.php\/2026\/03\/22\/v-niedziela-wielkiego-postu-22-03-2026\/\">V Niedziela Wielkiego Postu &#8211; 22.03.2026<\/a><\/h3><div class=\"cmsmasters-blog__post-excerpt\">Zaczynamy Rekolekcje Wielkopostne !<\/div><div class=\"cmsmasters-blog__post_footer\"><div class=\"cmsmasters-widget-meta-data\" data-name=\"meta_data_bottom\"><div class=\"cmsmasters-widget-meta-data-inner\"><div class=\"cmsmasters-widget-meta-data-item\"><span class=\"cmsmasters-postmeta\" data-name=\"date\"><span class=\"cmsmasters-postmeta__inner\"><span class=\"cmsmasters-postmeta__content\"><span>22 marca, 2026<\/span><\/span><\/span><\/span><\/div><\/div><\/div><a class=\"cmsmasters-blog__post__read_more cmsmasters-theme-button\" href=\"https:\/\/urszula.malbork.pl\/index.php\/2026\/03\/22\/v-niedziela-wielkiego-postu-22-03-2026\/\"><span>Czytaj dalej<\/span><\/a><\/div><\/div><\/article><article id=\"post-46157\" class=\"cmsmasters-blog__post post-46157 post type-post status-publish format-standard has-post-thumbnail hentry category-ogloszenia\"><div class=\"cmsmasters-blog__post-inner\"><div class=\"cmsmasters-blog__post-thumbnail\"><a href=\"https:\/\/urszula.malbork.pl\/index.php\/2026\/03\/15\/iv-niedziela-wielkiego-postu-15-03-2026\/\" class=\"cmsmasters-blog__post-thumbnail__inner\"><img loading=\"lazy\" decoding=\"async\" width=\"600\" height=\"694\" src=\"https:\/\/urszula.malbork.pl\/wp-content\/uploads\/2026\/03\/uzdrowienie-slepego-001-30x35.jpg\" class=\"attachment-medium_large size-medium_large wp-image-46161 cmsmasters_img cmsmasters-lazyload lazyload\" alt=\"\" data-sizes=\"(max-width: 600px) 100vw, 600px\" data-src=\"https:\/\/urszula.malbork.pl\/wp-content\/uploads\/2026\/03\/uzdrowienie-slepego-001.jpg\" data-srcset=\"https:\/\/urszula.malbork.pl\/wp-content\/uploads\/2026\/03\/uzdrowienie-slepego-001.jpg 600w, https:\/\/urszula.malbork.pl\/wp-content\/uploads\/2026\/03\/uzdrowienie-slepego-001-259x300.jpg 259w, https:\/\/urszula.malbork.pl\/wp-content\/uploads\/2026\/03\/uzdrowienie-slepego-001-30x35.jpg 30w, https:\/\/urszula.malbork.pl\/wp-content\/uploads\/2026\/03\/uzdrowienie-slepego-001-26x30.jpg 26w, https:\/\/urszula.malbork.pl\/wp-content\/uploads\/2026\/03\/uzdrowienie-slepego-001-9x10.jpg 9w\" srcset=\"https:\/\/urszula.malbork.pl\/wp-content\/uploads\/2026\/03\/uzdrowienie-slepego-001-30x35.jpg 30w, https:\/\/urszula.malbork.pl\/wp-content\/uploads\/2026\/03\/uzdrowienie-slepego-001-259x300.jpg 259w, https:\/\/urszula.malbork.pl\/wp-content\/uploads\/2026\/03\/uzdrowienie-slepego-001-26x30.jpg 26w, https:\/\/urszula.malbork.pl\/wp-content\/uploads\/2026\/03\/uzdrowienie-slepego-001-9x10.jpg 9w, https:\/\/urszula.malbork.pl\/wp-content\/uploads\/2026\/03\/uzdrowienie-slepego-001.jpg 600w\" sizes=\"(max-width: 600px) 100vw, 600px\" \/><\/a><\/div><h3 class=\"cmsmasters-blog__post-title\"><a href=\"https:\/\/urszula.malbork.pl\/index.php\/2026\/03\/15\/iv-niedziela-wielkiego-postu-15-03-2026\/\">IV Niedziela Wielkiego Postu &#8211; 15.03.2026<\/a><\/h3><div class=\"cmsmasters-blog__post-excerpt\">Rekolekcje parafialne 22 - 25 marca Zaplanuj ten czas<\/div><div class=\"cmsmasters-blog__post_footer\"><div class=\"cmsmasters-widget-meta-data\" data-name=\"meta_data_bottom\"><div class=\"cmsmasters-widget-meta-data-inner\"><div class=\"cmsmasters-widget-meta-data-item\"><span class=\"cmsmasters-postmeta\" data-name=\"date\"><span class=\"cmsmasters-postmeta__inner\"><span class=\"cmsmasters-postmeta__content\"><span>15 marca, 2026<\/span><\/span><\/span><\/span><\/div><\/div><\/div><a class=\"cmsmasters-blog__post__read_more cmsmasters-theme-button\" href=\"https:\/\/urszula.malbork.pl\/index.php\/2026\/03\/15\/iv-niedziela-wielkiego-postu-15-03-2026\/\"><span>Czytaj dalej<\/span><\/a><\/div><\/div><\/article><article id=\"post-46152\" class=\"cmsmasters-blog__post post-46152 post type-post status-publish format-standard has-post-thumbnail hentry category-ogloszenia\"><div class=\"cmsmasters-blog__post-inner\"><div class=\"cmsmasters-blog__post-thumbnail\"><a href=\"https:\/\/urszula.malbork.pl\/index.php\/2026\/03\/08\/iii-niedziela-wielkiego-postu-08-03-2026\/\" class=\"cmsmasters-blog__post-thumbnail__inner\"><img loading=\"lazy\" decoding=\"async\" width=\"768\" height=\"614\" src=\"https:\/\/urszula.malbork.pl\/wp-content\/uploads\/2026\/03\/samarytanka-30x24.jpg\" class=\"attachment-medium_large size-medium_large wp-image-46153 cmsmasters_img cmsmasters-lazyload lazyload\" alt=\"\" data-sizes=\"(max-width: 768px) 100vw, 768px\" data-src=\"https:\/\/urszula.malbork.pl\/wp-content\/uploads\/2026\/03\/samarytanka-768x614.jpg\" data-srcset=\"https:\/\/urszula.malbork.pl\/wp-content\/uploads\/2026\/03\/samarytanka-768x614.jpg 768w, https:\/\/urszula.malbork.pl\/wp-content\/uploads\/2026\/03\/samarytanka-300x240.jpg 300w, https:\/\/urszula.malbork.pl\/wp-content\/uploads\/2026\/03\/samarytanka-1024x819.jpg 1024w, https:\/\/urszula.malbork.pl\/wp-content\/uploads\/2026\/03\/samarytanka-1536x1229.jpg 1536w, https:\/\/urszula.malbork.pl\/wp-content\/uploads\/2026\/03\/samarytanka-375x300.jpg 375w, https:\/\/urszula.malbork.pl\/wp-content\/uploads\/2026\/03\/samarytanka-30x24.jpg 30w, https:\/\/urszula.malbork.pl\/wp-content\/uploads\/2026\/03\/samarytanka-13x10.jpg 13w, https:\/\/urszula.malbork.pl\/wp-content\/uploads\/2026\/03\/samarytanka.jpg 1920w\" srcset=\"https:\/\/urszula.malbork.pl\/wp-content\/uploads\/2026\/03\/samarytanka-30x24.jpg 30w, https:\/\/urszula.malbork.pl\/wp-content\/uploads\/2026\/03\/samarytanka-300x240.jpg 300w, https:\/\/urszula.malbork.pl\/wp-content\/uploads\/2026\/03\/samarytanka-1024x819.jpg 1024w, https:\/\/urszula.malbork.pl\/wp-content\/uploads\/2026\/03\/samarytanka-768x614.jpg 768w, https:\/\/urszula.malbork.pl\/wp-content\/uploads\/2026\/03\/samarytanka-1536x1229.jpg 1536w, https:\/\/urszula.malbork.pl\/wp-content\/uploads\/2026\/03\/samarytanka-375x300.jpg 375w, https:\/\/urszula.malbork.pl\/wp-content\/uploads\/2026\/03\/samarytanka-13x10.jpg 13w, https:\/\/urszula.malbork.pl\/wp-content\/uploads\/2026\/03\/samarytanka.jpg 1920w\" sizes=\"(max-width: 768px) 100vw, 768px\" \/><\/a><\/div><h3 class=\"cmsmasters-blog__post-title\"><a href=\"https:\/\/urszula.malbork.pl\/index.php\/2026\/03\/08\/iii-niedziela-wielkiego-postu-08-03-2026\/\">III Niedziela Wielkiego Postu &#8211; 08.03.2026<\/a><\/h3><div class=\"cmsmasters-blog__post-excerpt\">Rekolekcje: 22-25 marca - zaplanuj udzia\u0142<\/div><div class=\"cmsmasters-blog__post_footer\"><div class=\"cmsmasters-widget-meta-data\" data-name=\"meta_data_bottom\"><div class=\"cmsmasters-widget-meta-data-inner\"><div class=\"cmsmasters-widget-meta-data-item\"><span class=\"cmsmasters-postmeta\" data-name=\"date\"><span class=\"cmsmasters-postmeta__inner\"><span class=\"cmsmasters-postmeta__content\"><span>8 marca, 2026<\/span><\/span><\/span><\/span><\/div><\/div><\/div><a class=\"cmsmasters-blog__post__read_more cmsmasters-theme-button\" href=\"https:\/\/urszula.malbork.pl\/index.php\/2026\/03\/08\/iii-niedziela-wielkiego-postu-08-03-2026\/\"><span>Czytaj dalej<\/span><\/a><\/div><\/div><\/article><\/div><\/div><ul class='page-numbers'>\n\t<li><span aria-current=\"page\" class=\"page-numbers current\">1<\/span><\/li>\n\t<li><a class=\"page-numbers\" href=\"\/index.php\/wp-json\/wp\/v2\/pages\/38366?cmsmasters-page-6b4840a=2\">2<\/a><\/li>\n\t<li><a class=\"next page-numbers\" href=\"\/index.php\/wp-json\/wp\/v2\/pages\/38366?cmsmasters-page-6b4840a=2\"><span class=\"cmsmasters-wrap-icon\"><svg aria-hidden=\"true\" class=\"e-font-icon-svg e-fas-long-arrow-alt-right\" viewBox=\"0 0 448 512\" xmlns=\"http:\/\/www.w3.org\/2000\/svg\"><path d=\"M313.941 216H12c-6.627 0-12 5.373-12 12v56c0 6.627 5.373 12 12 12h301.941v46.059c0 21.382 25.851 32.09 40.971 16.971l86.059-86.059c9.373-9.373 9.373-24.569 0-33.941l-86.059-86.059c-15.119-15.119-40.971-4.411-40.971 16.971V216z\"><\/path><\/svg><\/span><\/a><\/li>\n<\/ul>\n<\/div><\/div>\t\t\t\t<\/div>\n\t\t\t\t<\/div>\n\t\t\t\t\t<\/div>\n\t\t\t\t<\/div>\n\t\t\t\t<\/div>\n\t\t","protected":false},"excerpt":{"rendered":"<p>Home|No breadcrumbs<\/p>\n","protected":false},"author":1,"featured_media":0,"parent":0,"menu_order":0,"comment_status":"closed","ping_status":"closed","template":"","meta":{"_acf_changed":false,"ngg_post_thumbnail":0,"footnotes":"","_links_to":"","_links_to_target":""},"class_list":["post-38366","page","type-page","status-publish","hentry"],"acf":[],"_links":{"self":[{"href":"https:\/\/urszula.malbork.pl\/index.php\/wp-json\/wp\/v2\/pages\/38366","targetHints":{"allow":["GET"]}}],"collection":[{"href":"https:\/\/urszula.malbork.pl\/index.php\/wp-json\/wp\/v2\/pages"}],"about":[{"href":"https:\/\/urszula.malbork.pl\/index.php\/wp-json\/wp\/v2\/types\/page"}],"author":[{"embeddable":true,"href":"https:\/\/urszula.malbork.pl\/index.php\/wp-json\/wp\/v2\/users\/1"}],"replies":[{"embeddable":true,"href":"https:\/\/urszula.malbork.pl\/index.php\/wp-json\/wp\/v2\/comments?post=38366"}],"version-history":[{"count":17,"href":"https:\/\/urszula.malbork.pl\/index.php\/wp-json\/wp\/v2\/pages\/38366\/revisions"}],"predecessor-version":[{"id":40035,"href":"https:\/\/urszula.malbork.pl\/index.php\/wp-json\/wp\/v2\/pages\/38366\/revisions\/40035"}],"wp:attachment":[{"href":"https:\/\/urszula.malbork.pl\/index.php\/wp-json\/wp\/v2\/media?parent=38366"}],"curies":[{"name":"wp","href":"https:\/\/api.w.org\/{rel}","templated":true}]}}