{"id":40498,"date":"2024-08-23T11:55:59","date_gmt":"2024-08-23T09:55:59","guid":{"rendered":"https:\/\/urszula.malbork.pl\/?page_id=40498"},"modified":"2024-08-28T10:14:00","modified_gmt":"2024-08-28T08:14:00","slug":"program-odnowy-parafii","status":"publish","type":"page","link":"https:\/\/urszula.malbork.pl\/index.php\/program-odnowy-parafii\/","title":{"rendered":"Program Odnowy Parafii"},"content":{"rendered":"\t\t<div data-elementor-type=\"wp-page\" data-elementor-id=\"40498\" class=\"elementor elementor-40498\">\n\t\t\t\t<div class=\"elementor-element elementor-element-cf2b392 cmsmasters-section-for-header-yes e-flex e-con-boxed cmsmasters-bg-hide-none cmsmasters-bg-hide-none cmsmasters-block-default e-con e-parent\" data-id=\"cf2b392\" data-element_type=\"container\" data-settings=\"{&quot;background_background&quot;:&quot;classic&quot;}\">\n\t\t\t\t\t<div class=\"e-con-inner\">\n\t\t\t\t<div class=\"elementor-element elementor-element-46b8378f cmsmasters-block-default cmsmasters-sticky-default elementor-widget elementor-widget-heading\" data-id=\"46b8378f\" data-element_type=\"widget\" data-widget_type=\"heading.default\">\n\t\t\t\t<div class=\"elementor-widget-container\">\n\t\t\t\t\t<h1 class=\"elementor-heading-title elementor-size-default\">Archiwa<\/h1>\t\t\t\t<\/div>\n\t\t\t\t<\/div>\n\t\t\t\t<div class=\"elementor-element elementor-element-503d3486 cmsmasters-breadcrumbs-alignment-right cmsmasters-breadcrumbs-alignment-mobile-left cmsmasters-separator-type-text cmsmasters-block-default cmsmasters-sticky-default elementor-widget elementor-widget-cmsmasters-breadcrumbs cmsmasters-widget-breadcrumbs\" data-id=\"503d3486\" data-element_type=\"widget\" data-widget_type=\"cmsmasters-breadcrumbs.default\">\n\t\t\t\t<div class=\"elementor-widget-container\">\n\t\t\t\t\t<div class=\"cmsmasters-widget-breadcrumbs__container\"><div class=\"cmsmasters-widget-breadcrumbs__content\"><a href=\"https:\/\/urszula.malbork.pl\/\" class=\"cmsmasters-home\">Home<\/a><span class=\"cmsmasters-widget-breadcrumbs__sep\"><span>|<\/span><\/span><span>No breadcrumbs<\/span><\/div><\/div>\t\t\t\t<\/div>\n\t\t\t\t<\/div>\n\t\t\t\t\t<\/div>\n\t\t\t\t<\/div>\n\t\t<div class=\"elementor-element elementor-element-443abf0f e-flex e-con-boxed cmsmasters-block-default e-con e-parent\" data-id=\"443abf0f\" data-element_type=\"container\">\n\t\t\t\t\t<div class=\"e-con-inner\">\n\t\t\t\t<div class=\"elementor-element elementor-element-10c19e73 cmsmasters-block-default cmsmasters-sticky-default elementor-widget elementor-widget-heading\" data-id=\"10c19e73\" data-element_type=\"widget\" data-widget_type=\"heading.default\">\n\t\t\t\t<div class=\"elementor-widget-container\">\n\t\t\t\t\t<h2 class=\"elementor-heading-title elementor-size-default\">Program Nowy Obraz Parafii jest odpowiedzi\u0105 na wezwanie Soboru Watyka\u0144skiego II do odnowy \u017cycia Ko\u015bcio\u0142a. <\/h2>\t\t\t\t<\/div>\n\t\t\t\t<\/div>\n\t\t\t\t<div class=\"elementor-element elementor-element-185bbf30 cmsmasters-block-default cmsmasters-sticky-default elementor-widget elementor-widget-text-editor\" data-id=\"185bbf30\" data-element_type=\"widget\" data-widget_type=\"text-editor.default\">\n\t\t\t\t<div class=\"elementor-widget-container\">\n\t\t\t\t\t\t\t\t\t<p>Jest to projekt mi\u0119dzynarodowy, utworzony przez Grup\u0119 Promotor\u00f3w Ruchu dla Lepszego \u015awiata. <span style=\"color: #800000;\">Idea\u0142em, jaki sobie zak\u0142ada, jest utworzenie parafii jako wsp\u00f3lnoty wsp\u00f3lnot podstawowych (wsp\u00f3lnoty s\u0105siedzkie).<\/span> Dla osi\u0105gni\u0119cia celu przewidziane s\u0105 trzy podstawowe etapy odnowy:<\/p><ul><li>KERYGMAT,<\/li><li>EWANGELIZACJA<\/li><li>KATECHEZA.<\/li><\/ul><p>Jest to d\u0142ugi proces budowania nowej wsp\u00f3lnoty parafialnej. <span style=\"color: #800000;\">Realizacja projektu trwa 22-25 lat, podobnie jak wymiana pokole\u0144.<\/span> Prezentowany projekt duszpasterski obejmuje wszystkie wymiary \u017cycia danej parafii \u2013 duszpasterski, kulturalny, spo\u0142eczny i polityczny. <span style=\"color: #800000;\">Chodzi bowiem o przemian\u0119 my\u015blenia, mentalno\u015bci, zwyczaj\u00f3w, kultury, a tak\u017ce zaanga\u017cowania wiernych w \u017cycie spo\u0142eczne<\/span>.<\/p><p>W konkretnej parafii nast\u0119puje dostosowanie projektu do rzeczywisto\u015bci i wyzwa\u0144 Ko\u015bcio\u0142a lokalnego. Niezwyk\u0142\u0105 warto\u015bci\u0105 projektu jest to, \u017ce zak\u0142ada systematyczne, krok po kroku, programowanie pracy duszpasterskiej w spos\u00f3b organiczny. Jednocze\u015bnie <span style=\"color: #800000;\">obejmuje zaanga\u017cowanie \u015bwieckich jako wsp\u00f3\u0142pracownik\u00f3w i wsp\u00f3\u0142odpowiedzialnych za wzrost wsp\u00f3lnoty parafialnej<\/span>. Ponadto w chwili rozpocz\u0119cia programu przes\u0142anie Dobrej Nowiny skierowane jest do wszystkich.<\/p>\t\t\t\t\t\t\t\t<\/div>\n\t\t\t\t<\/div>\n\t\t\t\t\t<\/div>\n\t\t\t\t<\/div>\n\t\t<div class=\"elementor-element elementor-element-4615135 e-flex e-con-boxed cmsmasters-bg-hide-none cmsmasters-bg-hide-none cmsmasters-block-default e-con e-parent\" data-id=\"4615135\" data-element_type=\"container\" data-settings=\"{&quot;background_background&quot;:&quot;classic&quot;}\">\n\t\t\t\t\t<div class=\"e-con-inner\">\n\t\t\t\t<div class=\"elementor-element elementor-element-f9cdaa6 cmsmasters-testimonial-layout-bottom cmsmasters-testimonial-author-width-inline cmsmasters-testimonial-author-text-view-vertical cmsmasters-block-default cmsmasters-sticky-default elementor-widget elementor-widget-cmsmasters-testimonial\" data-id=\"f9cdaa6\" data-element_type=\"widget\" data-widget_type=\"cmsmasters-testimonial.default\">\n\t\t\t\t<div class=\"elementor-widget-container\">\n\t\t\t\t\t<div class=\"cmsmasters-testimonial\" itemscope itemtype=\"https:\/\/schema.org\/Review\"><div class=\"elementor-screen-only\" itemprop=\"itemReviewed\" itemscope itemtype=\"https:\/\/schema.org\/Organization\">\n\t\t\t\t<meta itemprop=\"name\" content=\"PARAFIA PW. \u015aW. URSZULI LED\u00d3CHOWSKIEJ W MALBORKU\">\n\t\t\t\t<link itemprop=\"url\" href=\"https:\/\/urszula.malbork.pl\" \/><\/div><div class=\"cmsmasters-testimonial__inner\"><div class=\"cmsmasters-testimonial__main-area\"><div class=\"cmsmasters-testimonial__content\"><div class=\"cmsmasters-testimonial__content-outer\"><div class=\"cmsmasters-testimonial__content-inner\"><h6 class=\"cmsmasters-testimonial__title\" itemprop=\"name\">has\u0142o roku duszpasterskiego 2023\/24<\/h6><div class=\"cmsmasters-testimonial__text\" itemprop=\"reviewBody\"><p>S\u0142owo Bo\u017ce s\u0142owem naszego \u017cycia!<\/p><\/div><\/div><\/div><\/div><div class=\"cmsmasters-testimonial__author-info\"><div class=\"cmsmasters-testimonial__author-info-outer\"><div class=\"cmsmasters-testimonial__author-info-inner\"><div class=\"cmsmasters-testimonial__author-info-wrap\"><span class=\"cmsmasters-testimonial__author-name\"><span itemprop=\"author\"> <\/span><\/span><span class=\"cmsmasters-testimonial__author-subtitle\"> <\/span><\/div><\/div><\/div><\/div><\/div><\/div><\/div>\t\t\t\t<\/div>\n\t\t\t\t<\/div>\n\t\t\t\t\t<\/div>\n\t\t\t\t<\/div>\n\t\t<div class=\"elementor-element elementor-element-5c9f902b e-flex e-con-boxed cmsmasters-block-default e-con e-parent\" data-id=\"5c9f902b\" data-element_type=\"container\" data-settings=\"{&quot;background_background&quot;:&quot;classic&quot;}\">\n\t\t\t\t\t<div class=\"e-con-inner\">\n\t\t\t\t<div class=\"elementor-element elementor-element-68ed8c65 cmsmasters-block-default cmsmasters-sticky-default elementor-widget elementor-widget-heading\" data-id=\"68ed8c65\" data-element_type=\"widget\" data-widget_type=\"heading.default\">\n\t\t\t\t<div class=\"elementor-widget-container\">\n\t\t\t\t\t<h2 class=\"elementor-heading-title elementor-size-default\">B\u0105d\u017amy razem - list do wszystkich parafian<\/h2>\t\t\t\t<\/div>\n\t\t\t\t<\/div>\n\t\t\t\t<div class=\"elementor-element elementor-element-0f3778c cmsmasters-blog--layout-custom cmsmasters-blog-grid-marker__marker-icon cmsmasters-block-default cmsmasters-sticky-default elementor-widget elementor-widget-cmsmasters-blog-grid elementor-widget-cmsmasters-blog-similar\" data-id=\"0f3778c\" data-element_type=\"widget\" data-settings=\"{&quot;blog_layout&quot;:&quot;custom&quot;,&quot;blog_template_id&quot;:&quot;154&quot;,&quot;columns&quot;:&quot;1&quot;,&quot;blog_post_type&quot;:&quot;sermon&quot;,&quot;columns_mobile&quot;:&quot;1&quot;,&quot;query_control_prefix&quot;:&quot;blog&quot;,&quot;post_gap_row&quot;:{&quot;unit&quot;:&quot;px&quot;,&quot;size&quot;:&quot;&quot;,&quot;sizes&quot;:[]},&quot;post_gap_row_widescreen&quot;:{&quot;unit&quot;:&quot;px&quot;,&quot;size&quot;:&quot;&quot;,&quot;sizes&quot;:[]},&quot;post_gap_row_tablet&quot;:{&quot;unit&quot;:&quot;px&quot;,&quot;size&quot;:&quot;&quot;,&quot;sizes&quot;:[]},&quot;post_gap_row_mobile&quot;:{&quot;unit&quot;:&quot;px&quot;,&quot;size&quot;:&quot;&quot;,&quot;sizes&quot;:[]}}\" data-widget_type=\"cmsmasters-blog-grid.default\" data-document-id=\"40498\">\n\t\t\t\t<div class=\"elementor-widget-container\">\n\t\t\t\t\t<div class=\"cmsmasters-blog cmsmasters-blog-grid cmsmasters-blog--type-default\"><div class=\"cmsmasters-blog__posts-variable\"><div class=\"cmsmasters-blog__posts-wrap\"><div class=\"cmsmasters-blog__posts\"><article id=\"post-41924\" class=\"cmsmasters-blog__post post-41924 sermon type-sermon status-publish has-post-thumbnail hentry sermons-category-badzmy-razem\"><div class=\"cmsmasters-blog__post-inner\"><div data-elementor-type=\"cmsmasters_entry\" data-elementor-id=\"154\" class=\"elementor elementor-154\">\t\t\t<div class=\"elementor-inner\">\n\t\t\t\t<div class=\"elementor-section-wrap\">\n\t\t\t\t\t<div class=\"elementor-element elementor-element-be24060 e-con-full e-flex cmsmasters-block-default e-con e-parent\" data-id=\"be24060\" data-element_type=\"container\">\n\t\t\t\t<div class=\"elementor-element elementor-element-450e432e cmsmasters-object-fit cmsmasters-object-fit-cover cmsmasters-block-default cmsmasters-sticky-default elementor-widget elementor-widget-cmsmasters-post-featured-image cmsmasters-widget-image\" data-id=\"450e432e\" data-element_type=\"widget\" data-widget_type=\"cmsmasters-post-featured-image.default\">\n\t\t\t\t<div class=\"elementor-widget-container\">\n\t\t\t\t\t<div class=\"cmsmasters-widget-image__wrap\"><a href=\"https:\/\/urszula.malbork.pl\/index.php\/sermon\/badzmy-razem-nr-74-przykladowy-tytul\/\" data-elementor-open-lightbox=\"\" aria-label=\"Featured Image\"><img decoding=\"async\" src=\"https:\/\/urszula.malbork.pl\/wp-content\/uploads\/2024\/10\/List-74-1-przednia-2-pdf.jpg\" title=\"\" alt=\"\" loading=\"lazy\" \/><\/a><\/div>\t\t\t\t<\/div>\n\t\t\t\t<\/div>\n\t\t\t\t<div class=\"elementor-element elementor-element-34cba89a cmsmasters-metadata-alignment-center cmsmasters-count--dir-row cmsmasters-block-default cmsmasters-sticky-default elementor-widget elementor-widget-cmsmasters-meta-data\" data-id=\"34cba89a\" data-element_type=\"widget\" data-widget_type=\"cmsmasters-meta-data.default\">\n\t\t\t\t<div class=\"elementor-widget-container\">\n\t\t\t\t\t\t\t<div class=\"cmsmasters-meta-data\">\n\t\t\t<div class=\"cmsmasters-meta-data__inner\">\n\t\t\t\t<div class=\"cmsmasters-meta-data__item elementor-repeater-item-5f8c03a\"><div class=\"cmsmasters-meta-data__item__inner\"><span class=\"cmsmasters-postmeta\" data-name=\"date\"><span class=\"cmsmasters-postmeta__inner\"><span class=\"cmsmasters-postmeta__content\"><span>11 pa\u017adziernika, 2024<\/span><\/span><\/span><\/span><\/div><\/div>\t\t\t<\/div>\n\t\t<\/div>\n\t\t\t\t\t\t<\/div>\n\t\t\t\t<\/div>\n\t\t\t\t<div class=\"elementor-element elementor-element-27b6199a cmsmasters-line-clamp-yes cmsmasters-color-variation-default cmsmasters-pointer-none cmsmasters-block-default cmsmasters-sticky-default elementor-widget elementor-widget-cmsmasters-post-title cmsmasters-widget-title\" data-id=\"27b6199a\" data-element_type=\"widget\" data-widget_type=\"cmsmasters-post-title.default\">\n\t\t\t\t<div class=\"elementor-widget-container\">\n\t\t\t\t\t<h4 class=\"entry-title cmsmasters-widget-title__heading\" title=\"B\u0105d\u017amy razem nr 74: Rodzina si\u0119 modli\"><a href=\"https:\/\/urszula.malbork.pl\/index.php\/sermon\/badzmy-razem-nr-74-przykladowy-tytul\/\" >B\u0105d\u017amy razem nr 74: Rodzina si\u0119 modli<\/a><\/h4>\t\t\t\t<\/div>\n\t\t\t\t<\/div>\n\t\t\t\t<div class=\"elementor-element elementor-element-64d36b9e cmsmasters-button-align-center cmsmasters-block-default cmsmasters-sticky-default elementor-widget elementor-widget-cmsmasters-button\" data-id=\"64d36b9e\" data-element_type=\"widget\" data-widget_type=\"cmsmasters-button.default\">\n\t\t\t\t<div class=\"elementor-widget-container\">\n\t\t\t\t\t<div class=\"elementor-widget-cmsmasters-button__button-container\"><div class=\"elementor-widget-cmsmasters-button__button-container-inner\"><a href=\"https:\/\/urszula.malbork.pl\/index.php\/sermon\/badzmy-razem-nr-74-przykladowy-tytul\/\" class=\"cmsmasters-button-link elementor-widget-cmsmasters-button__button cmsmasters-icon-view- cmsmasters-icon-shape- cmsmasters-button-size-sm\" role=\"button\"><span class=\"elementor-widget-cmsmasters-button__content-wrapper cmsmasters-align-icon-\"><span class=\"elementor-widget-cmsmasters-button__text\">Czytaj dalej...<\/span><\/span><\/a><\/div><\/div>\t\t\t\t<\/div>\n\t\t\t\t<\/div>\n\t\t\t\t<\/div>\n\t\t\t\t\t\t<\/div>\n\t\t\t<\/div>\n\t\t<\/div><\/div><\/article><\/div><\/div><\/div><\/div>\t\t\t\t<\/div>\n\t\t\t\t<\/div>\n\t\t\t\t\t<\/div>\n\t\t\t\t<\/div>\n\t\t<div class=\"elementor-element elementor-element-c630375 e-flex e-con-boxed cmsmasters-block-default e-con e-parent\" data-id=\"c630375\" data-element_type=\"container\">\n\t\t\t\t\t<div class=\"e-con-inner\">\n\t\t\t\t<div class=\"elementor-element elementor-element-3086c7b cmsmasters-block-default cmsmasters-sticky-default elementor-widget elementor-widget-heading\" data-id=\"3086c7b\" data-element_type=\"widget\" data-widget_type=\"heading.default\">\n\t\t\t\t<div class=\"elementor-widget-container\">\n\t\t\t\t\t<h2 class=\"elementor-heading-title elementor-size-default\">Rejony duszpasterskie<\/h2>\t\t\t\t<\/div>\n\t\t\t\t<\/div>\n\t\t\t\t\t<\/div>\n\t\t\t\t<\/div>\n\t\t<div class=\"elementor-element elementor-element-e7f4451 e-flex e-con-boxed cmsmasters-block-default e-con e-parent\" data-id=\"e7f4451\" data-element_type=\"container\" data-settings=\"{&quot;background_background&quot;:&quot;classic&quot;}\">\n\t\t\t\t\t<div class=\"e-con-inner\">\n\t\t\t\t<div class=\"elementor-element elementor-element-a1d4282 cmsmasters-block-default cmsmasters-sticky-default elementor-widget elementor-widget-image\" data-id=\"a1d4282\" data-element_type=\"widget\" data-widget_type=\"image.default\">\n\t\t\t\t<div class=\"elementor-widget-container\">\n\t\t\t\t\t\t\t\t\t\t\t\t\t\t\t<img fetchpriority=\"high\" decoding=\"async\" width=\"768\" height=\"546\" src=\"https:\/\/urszula.malbork.pl\/wp-content\/uploads\/2024\/08\/rejony_nop-30x21.png\" class=\"attachment-medium_large size-medium_large wp-image-40509 cmsmasters_img cmsmasters-lazyload lazyload\" alt=\"\" data-sizes=\"(max-width: 768px) 100vw, 768px\" data-src=\"https:\/\/urszula.malbork.pl\/wp-content\/uploads\/2024\/08\/rejony_nop-768x546.png\" data-srcset=\"https:\/\/urszula.malbork.pl\/wp-content\/uploads\/2024\/08\/rejony_nop-768x546.png 768w, https:\/\/urszula.malbork.pl\/wp-content\/uploads\/2024\/08\/rejony_nop-300x213.png 300w, https:\/\/urszula.malbork.pl\/wp-content\/uploads\/2024\/08\/rejony_nop-1024x728.png 1024w, https:\/\/urszula.malbork.pl\/wp-content\/uploads\/2024\/08\/rejony_nop-1536x1092.png 1536w, https:\/\/urszula.malbork.pl\/wp-content\/uploads\/2024\/08\/rejony_nop-2048x1456.png 2048w, https:\/\/urszula.malbork.pl\/wp-content\/uploads\/2024\/08\/rejony_nop-422x300.png 422w, https:\/\/urszula.malbork.pl\/wp-content\/uploads\/2024\/08\/rejony_nop-30x20.png 30w, https:\/\/urszula.malbork.pl\/wp-content\/uploads\/2024\/08\/rejony_nop-14x10.png 14w\" srcset=\"https:\/\/urszula.malbork.pl\/wp-content\/uploads\/2024\/08\/rejony_nop-30x20.png 30w, https:\/\/urszula.malbork.pl\/wp-content\/uploads\/2024\/08\/rejony_nop-300x213.png 300w, https:\/\/urszula.malbork.pl\/wp-content\/uploads\/2024\/08\/rejony_nop-1024x728.png 1024w, https:\/\/urszula.malbork.pl\/wp-content\/uploads\/2024\/08\/rejony_nop-768x546.png 768w, https:\/\/urszula.malbork.pl\/wp-content\/uploads\/2024\/08\/rejony_nop-1536x1092.png 1536w, https:\/\/urszula.malbork.pl\/wp-content\/uploads\/2024\/08\/rejony_nop-2048x1456.png 2048w, https:\/\/urszula.malbork.pl\/wp-content\/uploads\/2024\/08\/rejony_nop-422x300.png 422w, https:\/\/urszula.malbork.pl\/wp-content\/uploads\/2024\/08\/rejony_nop-14x10.png 14w\" sizes=\"(max-width: 768px) 100vw, 768px\" \/>\t\t\t\t\t\t\t\t\t\t\t\t\t\t\t<\/div>\n\t\t\t\t<\/div>\n\t\t\t\t\t<\/div>\n\t\t\t\t<\/div>\n\t\t<div class=\"elementor-element elementor-element-66dedd7 e-flex e-con-boxed cmsmasters-block-default e-con e-parent\" data-id=\"66dedd7\" data-element_type=\"container\">\n\t\t\t\t\t<div class=\"e-con-inner\">\n\t\t\t\t<div class=\"elementor-element elementor-element-e2360db cmsmasters-block-default cmsmasters-sticky-default elementor-widget elementor-widget-heading\" data-id=\"e2360db\" data-element_type=\"widget\" data-widget_type=\"heading.default\">\n\t\t\t\t<div class=\"elementor-widget-container\">\n\t\t\t\t\t<h2 class=\"elementor-heading-title elementor-size-default\">Dekalog Pos\u0142a\u0144ca<\/h2>\t\t\t\t<\/div>\n\t\t\t\t<\/div>\n\t\t\t\t<div class=\"elementor-element elementor-element-6496a1a cmsmasters-block-default cmsmasters-sticky-default elementor-widget elementor-widget-text-editor\" data-id=\"6496a1a\" data-element_type=\"widget\" data-widget_type=\"text-editor.default\">\n\t\t\t\t<div class=\"elementor-widget-container\">\n\t\t\t\t\t\t\t\t\t<p>1. Przed zaniesieniem listu dobrze zapozna\u0107 si\u0119 z jego tre\u015bci\u0105.<br \/>2. Modli\u0107 si\u0119 za powierzone zadania i odwiedzanych ludzi.<br \/>3. Zanie\u015b\u0107 Dobr\u0105 Nowin\u0119 z rado\u015bci\u0105 w sercu.<br \/>4. Odda\u0107 list osobi\u015bcie.<br \/>5. By\u0107 wyrozumia\u0142ym i cierpliwym, kiedy drzwi si\u0119 nie otworz\u0105, lub tylko uchyl\u0105.<br \/>6. Zanie\u015b\u0107 list natychmiast, nie przetrzymuj\u0105c go u siebie. Wiadomo\u015bci s\u0105 wa\u017cne i wierni powinni pozna\u0107 je jak najszybciej.<br \/>7. Je\u017celi nie mo\u017cna odda\u0107 listu osobi\u015bcie, poprosi\u0107 inn\u0105 osob\u0119, aby ten list zanios\u0142a.<br \/>8. W domu zanotowa\u0107 sugestie i \u015bwiadectwa, a nast\u0119pnie odda\u0107 je RZK.<br \/>9. Traktowa\u0107 powa\u017cnie t\u0119 form\u0119 s\u0142u\u017cenia braciom.<br \/>10. Podzi\u0119kowa\u0107 Bogu za powo\u0142anie do tej s\u0142u\u017cby i prosi\u0107 Go, aby pomaga\u0142 spe\u0142nia\u0107 j\u0105 z mi\u0142o\u015bci\u0105<\/p>\t\t\t\t\t\t\t\t<\/div>\n\t\t\t\t<\/div>\n\t\t\t\t\t<\/div>\n\t\t\t\t<\/div>\n\t\t<div class=\"elementor-element elementor-element-94e230d e-flex e-con-boxed cmsmasters-block-default e-con e-parent\" data-id=\"94e230d\" data-element_type=\"container\">\n\t\t\t\t\t<div class=\"e-con-inner\">\n\t\t\t\t<div class=\"elementor-element elementor-element-d49a864 cmsmasters-block-default cmsmasters-sticky-default elementor-widget elementor-widget-heading\" data-id=\"d49a864\" data-element_type=\"widget\" data-widget_type=\"heading.default\">\n\t\t\t\t<div class=\"elementor-widget-container\">\n\t\t\t\t\t<h2 class=\"elementor-heading-title elementor-size-default\">Inne parafie w Polsce realizuj\u0105ce Program<\/h2>\t\t\t\t<\/div>\n\t\t\t\t<\/div>\n\t\t\t\t\t<\/div>\n\t\t\t\t<\/div>\n\t\t<div class=\"elementor-element elementor-element-2cdeacd e-flex e-con-boxed cmsmasters-block-default e-con e-parent\" data-id=\"2cdeacd\" data-element_type=\"container\" data-settings=\"{&quot;background_background&quot;:&quot;classic&quot;}\">\n\t\t\t\t\t<div class=\"e-con-inner\">\n\t\t\t\t<div class=\"elementor-element elementor-element-3ee93d1 cmsmasters-block-default cmsmasters-sticky-default elementor-widget elementor-widget-text-editor\" data-id=\"3ee93d1\" data-element_type=\"widget\" data-widget_type=\"text-editor.default\">\n\t\t\t\t<div class=\"elementor-widget-container\">\n\t\t\t\t\t\t\t\t\t<p style=\"text-align: center;\"><strong>Parafia \u015bw. Miko\u0142aja w Hrubieszowie &#8211; diecezja zamojsko-lubaczowska:<\/strong><\/p><p style=\"text-align: center;\"><a title=\"Hrubiesz\u00f3w \" href=\"http:\/\/www.hrubieszow.parafia.info.pl\/\" target=\"_blank\" rel=\"noopener\">http:\/\/www.hrubieszow.parafia.info.pl\/<\/a><\/p><p style=\"text-align: center;\"><strong>Parafia Maryi Matki Bo\u017cej = Jawidz-Rokitno &#8211; diecezja lubelska:<\/strong><\/p><p style=\"text-align: center;\"><a title=\"Jawidz-Rokitno\" href=\"http:\/\/parafiajawidzrokitno.blogspot.com\/\" target=\"_blank\" rel=\"noopener\">http:\/\/parafiajawidzrokitno.blogspot.com\/<\/a><\/p><p style=\"text-align: center;\"><strong>Parafia \u015bw. Piotra Aposto\u0142a i \u015bw. Jana z Dukli w Kro\u015bnie &#8211; diecezja przemyska:<\/strong><\/p><p style=\"text-align: center;\"><a title=\"Krosno\" href=\"http:\/\/piotrajana.pl\/\" target=\"_blank\" rel=\"noopener\">http:\/\/piotrajana.pl\/<\/a><\/p><p style=\"text-align: center;\"><strong>Archikatedralna Parafia \u015bw. Jana Chrzcicela i \u015bw. Jana Ewangelisty w Lublinie:<\/strong><\/p><p style=\"text-align: center;\"><a title=\"Lublin katedra\" href=\"http:\/\/archikatedra.kuria.lublin.pl\/\" target=\"_blank\" rel=\"noopener\">http:\/\/archikatedra.kuria.lublin.pl\/<\/a><\/p><p style=\"text-align: center;\"><strong>Parafia \u015bw. Barbary w \u0141\u0119cznej &#8211; diecezja lubelska:<\/strong><\/p><p style=\"text-align: center;\"><a title=\"\u0141\u0119czna\" href=\"http:\/\/emaus.parafia.info.pl\/%20\" target=\"_blank\" rel=\"noopener\">http:\/\/emaus.parafia.info.pl\/\u00a0<\/a><\/p><p style=\"text-align: center;\"><strong>Parafia \u015bw. Bart\u0142omieja w Morawicy &#8211; archidiecezja krakowska:<\/strong><\/p><p style=\"text-align: center;\"><a title=\"Morawica\" href=\"http:\/\/parafia.morawica.net\/\" target=\"_blank\" rel=\"noopener\">http:\/\/parafia.morawica.net\/<\/a><\/p><p style=\"text-align: center;\"><strong>Parafia Naj\u015bw. Serca Pana Jezusa w Sz\u00f3wsku &#8211; diecezja przemyska:<\/strong><\/p><p style=\"text-align: center;\"><a title=\"Sz\u00f3wsko\" href=\"http:\/\/www.nspj.szowsko.parafia.info.pl\/\" target=\"_blank\" rel=\"noopener\">http:\/\/www.nspj.szowsko.parafia.info.pl\/<\/a><\/p><p style=\"text-align: center;\"><strong>Parafia \u015bw. Miko\u0142aja w Szewnej<\/strong><\/p><p style=\"text-align: center;\"><a href=\"http:\/\/www.parafiaszewna.pl\/\" target=\"_blank\" rel=\"noopener\">http:\/\/www.parafiaszewna.pl\/<\/a>\u00a0<\/p>\t\t\t\t\t\t\t\t<\/div>\n\t\t\t\t<\/div>\n\t\t\t\t\t<\/div>\n\t\t\t\t<\/div>\n\t\t\t\t<\/div>\n\t\t","protected":false},"excerpt":{"rendered":"<p>Home|No breadcrumbs Program Nowy Obraz Parafii jest odpowiedzi\u0105 na wezwanie Soboru Watyka\u0144skiego II do odnowy \u017cycia Ko\u015bcio\u0142a. Jest to projekt mi\u0119dzynarodowy, utworzony przez Grup\u0119 Promotor\u00f3w Ruchu dla Lepszego \u015awiata. Idea\u0142em,&#8230;<\/p>\n","protected":false},"author":1,"featured_media":0,"parent":0,"menu_order":0,"comment_status":"closed","ping_status":"closed","template":"","meta":{"_acf_changed":false,"ngg_post_thumbnail":0,"footnotes":"","_links_to":"","_links_to_target":""},"class_list":["post-40498","page","type-page","status-publish","hentry"],"acf":[],"_links":{"self":[{"href":"https:\/\/urszula.malbork.pl\/index.php\/wp-json\/wp\/v2\/pages\/40498","targetHints":{"allow":["GET"]}}],"collection":[{"href":"https:\/\/urszula.malbork.pl\/index.php\/wp-json\/wp\/v2\/pages"}],"about":[{"href":"https:\/\/urszula.malbork.pl\/index.php\/wp-json\/wp\/v2\/types\/page"}],"author":[{"embeddable":true,"href":"https:\/\/urszula.malbork.pl\/index.php\/wp-json\/wp\/v2\/users\/1"}],"replies":[{"embeddable":true,"href":"https:\/\/urszula.malbork.pl\/index.php\/wp-json\/wp\/v2\/comments?post=40498"}],"version-history":[{"count":10,"href":"https:\/\/urszula.malbork.pl\/index.php\/wp-json\/wp\/v2\/pages\/40498\/revisions"}],"predecessor-version":[{"id":41427,"href":"https:\/\/urszula.malbork.pl\/index.php\/wp-json\/wp\/v2\/pages\/40498\/revisions\/41427"}],"wp:attachment":[{"href":"https:\/\/urszula.malbork.pl\/index.php\/wp-json\/wp\/v2\/media?parent=40498"}],"curies":[{"name":"wp","href":"https:\/\/api.w.org\/{rel}","templated":true}]}}