{"id":40763,"date":"2024-08-24T16:47:49","date_gmt":"2024-08-24T14:47:49","guid":{"rendered":"https:\/\/urszula.malbork.pl\/?page_id=40763"},"modified":"2024-08-24T17:11:45","modified_gmt":"2024-08-24T15:11:45","slug":"galeria-zdjec","status":"publish","type":"page","link":"https:\/\/urszula.malbork.pl\/index.php\/galeria-zdjec\/","title":{"rendered":"Galeria zdj\u0119\u0107"},"content":{"rendered":"\t\t<div data-elementor-type=\"wp-page\" data-elementor-id=\"40763\" class=\"elementor elementor-40763\">\n\t\t\t\t<div class=\"elementor-element elementor-element-4d73db6d cmsmasters-section-for-header-yes e-flex e-con-boxed cmsmasters-block-default e-con e-parent\" data-id=\"4d73db6d\" data-element_type=\"container\" data-settings=\"{&quot;background_background&quot;:&quot;classic&quot;}\">\n\t\t\t\t\t<div class=\"e-con-inner\">\n\t\t\t\t<div class=\"elementor-element elementor-element-2ebe4404 cmsmasters-block-default cmsmasters-sticky-default elementor-widget elementor-widget-heading\" data-id=\"2ebe4404\" data-element_type=\"widget\" data-widget_type=\"heading.default\">\n\t\t\t\t<div class=\"elementor-widget-container\">\n\t\t\t\t\t<h1 class=\"elementor-heading-title elementor-size-default\">Archiwa<\/h1>\t\t\t\t<\/div>\n\t\t\t\t<\/div>\n\t\t\t\t<div class=\"elementor-element elementor-element-f78a0a3 cmsmasters-breadcrumbs-alignment-right cmsmasters-breadcrumbs-alignment-mobile-left cmsmasters-separator-type-text cmsmasters-block-default cmsmasters-sticky-default elementor-widget elementor-widget-cmsmasters-breadcrumbs cmsmasters-widget-breadcrumbs\" data-id=\"f78a0a3\" data-element_type=\"widget\" data-widget_type=\"cmsmasters-breadcrumbs.default\">\n\t\t\t\t<div class=\"elementor-widget-container\">\n\t\t\t\t\t<div class=\"cmsmasters-widget-breadcrumbs__container\"><div class=\"cmsmasters-widget-breadcrumbs__content\"><a href=\"https:\/\/urszula.malbork.pl\/\" class=\"cmsmasters-home\">Home<\/a><span class=\"cmsmasters-widget-breadcrumbs__sep\"><span>|<\/span><\/span><span>No breadcrumbs<\/span><\/div><\/div>\t\t\t\t<\/div>\n\t\t\t\t<\/div>\n\t\t\t\t\t<\/div>\n\t\t\t\t<\/div>\n\t\t<div class=\"elementor-element elementor-element-6a024e14 e-flex e-con-boxed cmsmasters-block-default e-con e-parent\" data-id=\"6a024e14\" data-element_type=\"container\">\n\t\t\t\t\t<div class=\"e-con-inner\">\n\t\t\t\t<div class=\"elementor-element elementor-element-9a4f179 cmsmasters-block-default cmsmasters-sticky-default elementor-widget elementor-widget-heading\" data-id=\"9a4f179\" data-element_type=\"widget\" data-widget_type=\"heading.default\">\n\t\t\t\t<div class=\"elementor-widget-container\">\n\t\t\t\t\t<h2 class=\"elementor-heading-title elementor-size-default\">Budowa ko\u015bcio\u0142a i domu parafialnego<\/h2>\t\t\t\t<\/div>\n\t\t\t\t<\/div>\n\t\t\t\t\t<\/div>\n\t\t\t\t<\/div>\n\t\t<div class=\"elementor-element elementor-element-3922423 e-flex e-con-boxed cmsmasters-block-default e-con e-parent\" data-id=\"3922423\" data-element_type=\"container\">\n\t\t\t\t\t<div class=\"e-con-inner\">\n\t\t\t\t<div class=\"elementor-element elementor-element-8b501a6 cmsmasters-block-default cmsmasters-sticky-default elementor-widget elementor-widget-shortcode\" data-id=\"8b501a6\" data-element_type=\"widget\" data-widget_type=\"shortcode.default\">\n\t\t\t\t<div class=\"elementor-widget-container\">\n\t\t\t\t\t\t\t<div class=\"elementor-shortcode\">ngg_shortcode_0_placeholder<\/div>\n\t\t\t\t\t\t<\/div>\n\t\t\t\t<\/div>\n\t\t\t\t<div class=\"elementor-element elementor-element-8410ccb elementor-widget__width-auto cmsmasters-block-default cmsmasters-sticky-default elementor-widget elementor-widget-heading\" data-id=\"8410ccb\" data-element_type=\"widget\" data-widget_type=\"heading.default\">\n\t\t\t\t<div class=\"elementor-widget-container\">\n\t\t\t\t\t<h2 class=\"elementor-heading-title elementor-size-default\">Zdj\u0119cia z wydarze\u0144 parafialnych<\/h2>\t\t\t\t<\/div>\n\t\t\t\t<\/div>\n\t\t\t\t\t<\/div>\n\t\t\t\t<\/div>\n\t\t<div class=\"elementor-element elementor-element-5c66e6ae e-con-full e-flex cmsmasters-block-default e-con e-parent\" data-id=\"5c66e6ae\" data-element_type=\"container\" data-settings=\"{&quot;background_background&quot;:&quot;classic&quot;}\">\n\t\t\t\t<div class=\"elementor-element elementor-element-7c731c8 cmsmasters-block-default cmsmasters-sticky-default elementor-widget elementor-widget-shortcode\" data-id=\"7c731c8\" data-element_type=\"widget\" data-widget_type=\"shortcode.default\">\n\t\t\t\t<div class=\"elementor-widget-container\">\n\t\t\t\t\t\t\t<div class=\"elementor-shortcode\">ngg_shortcode_1_placeholder<\/div>\n\t\t\t\t\t\t<\/div>\n\t\t\t\t<\/div>\n\t\t\t\t<\/div>\n\t\t\t\t<\/div>\n\t\t","protected":false},"excerpt":{"rendered":"<p>Home|No breadcrumbs Budowa ko\u015bcio\u0142a i domu parafialnego Zdj\u0119cia z wydarze\u0144 parafialnych<\/p>\n","protected":false},"author":1,"featured_media":0,"parent":0,"menu_order":0,"comment_status":"closed","ping_status":"closed","template":"","meta":{"_acf_changed":false,"ngg_post_thumbnail":0,"footnotes":"","_links_to":"","_links_to_target":""},"class_list":["post-40763","page","type-page","status-publish","hentry"],"acf":[],"_links":{"self":[{"href":"https:\/\/urszula.malbork.pl\/index.php\/wp-json\/wp\/v2\/pages\/40763","targetHints":{"allow":["GET"]}}],"collection":[{"href":"https:\/\/urszula.malbork.pl\/index.php\/wp-json\/wp\/v2\/pages"}],"about":[{"href":"https:\/\/urszula.malbork.pl\/index.php\/wp-json\/wp\/v2\/types\/page"}],"author":[{"embeddable":true,"href":"https:\/\/urszula.malbork.pl\/index.php\/wp-json\/wp\/v2\/users\/1"}],"replies":[{"embeddable":true,"href":"https:\/\/urszula.malbork.pl\/index.php\/wp-json\/wp\/v2\/comments?post=40763"}],"version-history":[{"count":16,"href":"https:\/\/urszula.malbork.pl\/index.php\/wp-json\/wp\/v2\/pages\/40763\/revisions"}],"predecessor-version":[{"id":40783,"href":"https:\/\/urszula.malbork.pl\/index.php\/wp-json\/wp\/v2\/pages\/40763\/revisions\/40783"}],"wp:attachment":[{"href":"https:\/\/urszula.malbork.pl\/index.php\/wp-json\/wp\/v2\/media?parent=40763"}],"curies":[{"name":"wp","href":"https:\/\/api.w.org\/{rel}","templated":true}]}}