{"id":41352,"date":"2024-08-26T15:34:12","date_gmt":"2024-08-26T13:34:12","guid":{"rendered":"https:\/\/urszula.malbork.pl\/?page_id=41352"},"modified":"2026-03-20T09:28:27","modified_gmt":"2026-03-20T08:28:27","slug":"odeszli-do-wiecznosci","status":"publish","type":"page","link":"https:\/\/urszula.malbork.pl\/index.php\/odeszli-do-wiecznosci\/","title":{"rendered":"Odeszli do wieczno\u015bci&#8230;"},"content":{"rendered":"\t\t<div data-elementor-type=\"wp-page\" data-elementor-id=\"41352\" class=\"elementor elementor-41352\">\n\t\t\t\t<div class=\"elementor-element elementor-element-34e843dc cmsmasters-section-for-header-yes e-flex e-con-boxed cmsmasters-bg-hide-none cmsmasters-bg-hide-none cmsmasters-block-default e-con e-parent\" data-id=\"34e843dc\" data-element_type=\"container\" data-settings=\"{&quot;background_background&quot;:&quot;classic&quot;}\">\n\t\t\t\t\t<div class=\"e-con-inner\">\n\t\t\t\t<div class=\"elementor-element elementor-element-17b6e355 cmsmasters-block-default cmsmasters-sticky-default elementor-widget elementor-widget-heading\" data-id=\"17b6e355\" data-element_type=\"widget\" data-widget_type=\"heading.default\">\n\t\t\t\t<div class=\"elementor-widget-container\">\n\t\t\t\t\t<h1 class=\"elementor-heading-title elementor-size-default\">Archiwa<\/h1>\t\t\t\t<\/div>\n\t\t\t\t<\/div>\n\t\t\t\t<div class=\"elementor-element elementor-element-41d4496 cmsmasters-breadcrumbs-alignment-right cmsmasters-breadcrumbs-alignment-mobile-left cmsmasters-separator-type-text cmsmasters-block-default cmsmasters-sticky-default elementor-widget elementor-widget-cmsmasters-breadcrumbs cmsmasters-widget-breadcrumbs\" data-id=\"41d4496\" data-element_type=\"widget\" data-widget_type=\"cmsmasters-breadcrumbs.default\">\n\t\t\t\t<div class=\"elementor-widget-container\">\n\t\t\t\t\t<div class=\"cmsmasters-widget-breadcrumbs__container\"><div class=\"cmsmasters-widget-breadcrumbs__content\"><a href=\"https:\/\/urszula.malbork.pl\/\" class=\"cmsmasters-home\">Home<\/a><span class=\"cmsmasters-widget-breadcrumbs__sep\"><span>|<\/span><\/span><span>No breadcrumbs<\/span><\/div><\/div>\t\t\t\t<\/div>\n\t\t\t\t<\/div>\n\t\t\t\t\t<\/div>\n\t\t\t\t<\/div>\n\t\t<div class=\"elementor-element elementor-element-5ff18c9f e-flex e-con-boxed cmsmasters-block-default e-con e-parent\" data-id=\"5ff18c9f\" data-element_type=\"container\">\n\t\t\t\t\t<div class=\"e-con-inner\">\n\t\t\t\t<div class=\"elementor-element elementor-element-24893a4f cmsmasters-block-default cmsmasters-sticky-default elementor-widget elementor-widget-heading\" data-id=\"24893a4f\" data-element_type=\"widget\" data-widget_type=\"heading.default\">\n\t\t\t\t<div class=\"elementor-widget-container\">\n\t\t\t\t\t<h3 class=\"elementor-heading-title elementor-size-default\">Z naszej Wsp\u00f3lnoty od listopada 2025r. do wieczno\u015bci odeszli ci, kt\u00f3rych polecamy wsp\u00f3lnej modlitwie:<\/h3>\t\t\t\t<\/div>\n\t\t\t\t<\/div>\n\t\t\t\t<div class=\"elementor-element elementor-element-61f59ad cmsmasters-block-default cmsmasters-sticky-default elementor-widget elementor-widget-image\" data-id=\"61f59ad\" data-element_type=\"widget\" data-widget_type=\"image.default\">\n\t\t\t\t<div class=\"elementor-widget-container\">\n\t\t\t\t\t\t\t\t\t\t\t\t\t\t\t<img decoding=\"async\" width=\"270\" height=\"171\" src=\"https:\/\/urszula.malbork.pl\/wp-content\/uploads\/2024\/08\/kir-30x19.png\" class=\"attachment-medium size-medium wp-image-41362 cmsmasters_img cmsmasters-lazyload lazyload\" alt=\"\" data-sizes=\"(max-width: 270px) 100vw, 270px\" data-src=\"https:\/\/urszula.malbork.pl\/wp-content\/uploads\/2024\/08\/kir.png\" data-srcset=\"https:\/\/urszula.malbork.pl\/wp-content\/uploads\/2024\/08\/kir.png 270w, https:\/\/urszula.malbork.pl\/wp-content\/uploads\/2024\/08\/kir-30x19.png 30w, https:\/\/urszula.malbork.pl\/wp-content\/uploads\/2024\/08\/kir-16x10.png 16w\" srcset=\"https:\/\/urszula.malbork.pl\/wp-content\/uploads\/2024\/08\/kir-30x19.png 30w, https:\/\/urszula.malbork.pl\/wp-content\/uploads\/2024\/08\/kir-16x10.png 16w, https:\/\/urszula.malbork.pl\/wp-content\/uploads\/2024\/08\/kir.png 270w\" sizes=\"(max-width: 270px) 100vw, 270px\" \/>\t\t\t\t\t\t\t\t\t\t\t\t\t\t\t<\/div>\n\t\t\t\t<\/div>\n\t\t<div class=\"elementor-element elementor-element-532548cb e-con-full e-flex cmsmasters-block-default e-con e-child\" data-id=\"532548cb\" data-element_type=\"container\">\n\t\t\t\t<\/div>\n\t\t\t\t<div class=\"elementor-element elementor-element-43a3bac elementor-widget__width-initial cmsmasters-block-default cmsmasters-sticky-default elementor-widget elementor-widget-text-editor\" data-id=\"43a3bac\" data-element_type=\"widget\" data-widget_type=\"text-editor.default\">\n\t\t\t\t<div class=\"elementor-widget-container\">\n\t\t\t\t\t\t\t\t\t<p style=\"text-align: left;\"><b style=\"font-family: var(--cmsmasters-base-font-family); font-size: var(--cmsmasters-base-font-size); font-style: var(--cmsmasters-base-font-style); letter-spacing: var(--cmsmasters-base-letter-spacing); text-transform: var(--cmsmasters-base-text-transform); word-spacing: var(--cmsmasters-base-word-spacing); text-decoration: var(--cmsmasters-base-text-decoration);\">R.i.P.<\/b><\/p><p style=\"text-align: left;\"><strong>\u015bp. Zbigniew Rz\u0119dowski\u00a0<\/strong> z ul. Kotarbi\u0144skiego &#8211; 16 marca<\/p><p style=\"text-align: left;\"><strong>\u015bp. Herbert Pelowski<\/strong> <span style=\"font-family: var(--cmsmasters-base-font-family); font-size: var(--cmsmasters-base-font-size); font-style: var(--cmsmasters-base-font-style); letter-spacing: var(--cmsmasters-base-letter-spacing); text-transform: var(--cmsmasters-base-text-transform); word-spacing: var(--cmsmasters-base-word-spacing); text-decoration: var(--cmsmasters-base-text-decoration);\">\u00a0z ul. Wybickiego &#8211; 16 marca<\/span><\/p><p style=\"text-align: left;\"><strong>\u015bp. Maria Firgo\u0144 <\/strong>z ul. Czerskiego &#8211; 15 marca<\/p><p style=\"text-align: left;\"><strong>\u015bp. Jolanta Lamirowska<\/strong> z ul. Nowowiejskiego &#8211; 13 marca<\/p><p style=\"text-align: left;\"><strong>\u015bp. El\u017cbieta Swistak<\/strong> z ul. Nowowiejskiego &#8211; 4 marca<\/p><p style=\"text-align: left;\"><strong>\u015bp. J\u00f3zefa Sprengel<\/strong> z ul. Westerplatte &#8211; 4 marca<\/p><p style=\"text-align: left;\"><strong>\u015bp. Stanis\u0142aw \u0141astowski<\/strong> z ul. Kotarbi\u0144skiego &#8211; 25 lutego<\/p><p style=\"text-align: left;\"><strong>\u015bp. Tadeusz\u00a0<\/strong><b>Bartczak <\/b>\u00a0z ul. Micha\u0142owskiego &#8211; 16 lutego<\/p><p style=\"text-align: left;\"><strong>\u015bp. Bo\u017cys\u0142awa Pelowska <\/strong>\u00a0z ul. Wybickiego &#8211; 14 lutego<\/p><p style=\"text-align: left;\"><strong>\u015bp. Zdzis\u0142aw Postrach<\/strong>\u00a0 z ul. Czerskiego &#8211; 7 lutego<\/p><p style=\"text-align: left;\"><strong>\u015bp. Anna Cie\u015bniewska-Muca<\/strong> z ul. Wybickiego &#8211; 1 lutego<\/p><p style=\"text-align: left;\"><strong>\u015bp. Kazimierz Kr\u00f3l\u00a0<\/strong>z ul. Wybickiego &#8211; 28 stycznia<\/p><p style=\"text-align: left;\"><strong>\u015bp. Otylia Bujak\u00a0<\/strong> z ul. Wybickiego &#8211; 12 stycznia<\/p><p style=\"text-align: left;\"><strong>\u015bp. Stanis\u0142awa Wierucka<\/strong> <span style=\"font-family: var(--cmsmasters-base-font-family); font-size: var(--cmsmasters-base-font-size); font-style: var(--cmsmasters-base-font-style); letter-spacing: var(--cmsmasters-base-letter-spacing); text-transform: var(--cmsmasters-base-text-transform); word-spacing: var(--cmsmasters-base-word-spacing); text-decoration: var(--cmsmasters-base-text-decoration);\">\u00a0&#8211; 6 stycznia<\/span><\/p><p style=\"text-align: left;\"><strong>\u015bp. Karol G\u0142\u0105b\u00a0<\/strong>z ul. Kotarbi\u0144skiego &#8211; 5 stycznia<\/p><p style=\"text-align: left;\"><strong>\u015bp. Krystyna Kotowska<\/strong> z ul. Rolniczej &#8211; 4 stycznia<\/p><p style=\"text-align: left;\"><strong>\u015bp. Maria Koralewska<\/strong>\u00a0z ul. Micha\u0142owskiego &#8211; 3 stycznia 2026<\/p><p style=\"text-align: left;\"><strong>\u015bp. Wanda Kasprzyk<\/strong>\u00a0z ul. Nowowiejskiego &#8211; 31 grudnia<\/p><p style=\"text-align: left;\"><strong>\u015bp. Mieczys\u0142aw Zi\u0119tek<\/strong> z ul. Norwida &#8211; 31 grudnia<\/p><p style=\"text-align: left;\"><strong>\u015bp. Antonina Mazurek<\/strong> z ul. Kotarbi\u0144skiego &#8211; 30 grudnia<\/p><p style=\"text-align: left;\"><strong>\u015bp. Henryk Godlewski<\/strong> z ul. Kotarbi\u0144skiego &#8211; 29 grudnia<\/p><p style=\"text-align: left;\"><strong>\u015bp. Halina Wilk<\/strong>\u00a0 &#8211; 20 grudnia<\/p><p style=\"text-align: left;\"><strong>\u015bp. Piotr Alabrudzi\u0144ski\u00a0<\/strong>z ul. Micha\u0142owskiego &#8211; 22 grudnia<\/p><p style=\"text-align: left;\"><strong>\u015bp. Miros\u0142awa Ernestowicz<\/strong>\u00a0z ul. Rolniczej &#8211; 19 grudnia<\/p><p style=\"text-align: left;\"><strong>\u015bp. Daniela Wiatrowska<\/strong> z ul. Zakopia\u0144skiej &#8211; 7 grudnia<\/p><p style=\"text-align: left;\"><strong>\u015bp. Ewa Pehnke<\/strong> z ul. Konopnickiej &#8211; 5 grudnia<\/p><p style=\"text-align: left;\"><strong>\u015bp. Zdzis\u0142aw Niski<\/strong> z ul. Kotarbi\u0144skiego &#8211; 2 grudnia<\/p><p style=\"text-align: left;\"><strong>\u015bp. Ryszard Bia\u0142obrzewski<\/strong> z ul. Micha\u0142owskiego &#8211; 30 listopada<\/p><p style=\"text-align: left;\"><strong>\u015bp. Zbigniew Bona<\/strong> z ul. Czerskiego &#8211; 26 listopada<\/p><p style=\"text-align: left;\"><strong>\u015bp. Stanis\u0142awa Raniszewska<\/strong>\u00a0z ul. Wybickiego &#8211; 25 listopada<\/p><p style=\"text-align: left;\"><strong>\u015bp. Edward Ch\u0119\u0107<\/strong>\u00a0z ul. Chodkiewicza &#8211; 18 listopada<\/p><p style=\"text-align: left;\"><strong>\u015bp. Adamina Sma\u017cych<\/strong> z ul. Westerplatte &#8211; 14 listopada\u00a0<\/p><p style=\"text-align: left;\"><strong>\u015bp.\u00a0<\/strong><b>Andrzej Szczepa\u0144ski<\/b>\u00a0z ul. Kotarbi\u0144skiego &#8211; 14 listopada<\/p><p style=\"text-align: left;\"><strong>\u015bp. \u00a0Krzysztof Bielawa\u00a0<\/strong>z ul. Kotarbi\u0144skiego &#8211; 11 listopada<\/p><p style=\"text-align: left;\"><strong>\u015bp. Danuta Gli\u0144ska<\/strong> z ul. Wybickiego &#8211; 9 listopada 2025<\/p>\t\t\t\t\t\t\t\t<\/div>\n\t\t\t\t<\/div>\n\t\t\t\t\t<\/div>\n\t\t\t\t<\/div>\n\t\t<div class=\"elementor-element elementor-element-5c0fc6ad e-flex e-con-boxed cmsmasters-block-default e-con e-parent\" data-id=\"5c0fc6ad\" data-element_type=\"container\">\n\t\t\t\t\t<div class=\"e-con-inner\">\n\t\t\t\t<div class=\"elementor-element elementor-element-7c36669c cmsmasters-block-default cmsmasters-sticky-default elementor-widget elementor-widget-heading\" data-id=\"7c36669c\" data-element_type=\"widget\" data-widget_type=\"heading.default\">\n\t\t\t\t<div class=\"elementor-widget-container\">\n\t\t\t\t\t<h3 class=\"elementor-heading-title elementor-size-default\">Wieczny odpoczynek racz im da\u0107, Panie, a \u015bwiat\u0142o\u015b\u0107 wiekuista niechaj im \u015bwieci. Niech odpoczywaj\u0105 w pokoju wiecznym. Amen.<\/h3>\t\t\t\t<\/div>\n\t\t\t\t<\/div>\n\t\t\t\t\t<\/div>\n\t\t\t\t<\/div>\n\t\t\t\t<\/div>\n\t\t","protected":false},"excerpt":{"rendered":"<p>Home|No breadcrumbs Z naszej Wsp\u00f3lnoty od listopada 2025r. do wieczno\u015bci odeszli ci, kt\u00f3rych polecamy wsp\u00f3lnej modlitwie: R.i.P. \u015bp. Zbigniew Rz\u0119dowski\u00a0 z ul. Kotarbi\u0144skiego &#8211; 16 marca \u015bp. Herbert Pelowski \u00a0z&#8230;<\/p>\n","protected":false},"author":1,"featured_media":0,"parent":0,"menu_order":0,"comment_status":"closed","ping_status":"closed","template":"","meta":{"_acf_changed":false,"ngg_post_thumbnail":0,"footnotes":"","_links_to":"","_links_to_target":""},"class_list":["post-41352","page","type-page","status-publish","hentry"],"acf":[],"_links":{"self":[{"href":"https:\/\/urszula.malbork.pl\/index.php\/wp-json\/wp\/v2\/pages\/41352","targetHints":{"allow":["GET"]}}],"collection":[{"href":"https:\/\/urszula.malbork.pl\/index.php\/wp-json\/wp\/v2\/pages"}],"about":[{"href":"https:\/\/urszula.malbork.pl\/index.php\/wp-json\/wp\/v2\/types\/page"}],"author":[{"embeddable":true,"href":"https:\/\/urszula.malbork.pl\/index.php\/wp-json\/wp\/v2\/users\/1"}],"replies":[{"embeddable":true,"href":"https:\/\/urszula.malbork.pl\/index.php\/wp-json\/wp\/v2\/comments?post=41352"}],"version-history":[{"count":43,"href":"https:\/\/urszula.malbork.pl\/index.php\/wp-json\/wp\/v2\/pages\/41352\/revisions"}],"predecessor-version":[{"id":46330,"href":"https:\/\/urszula.malbork.pl\/index.php\/wp-json\/wp\/v2\/pages\/41352\/revisions\/46330"}],"wp:attachment":[{"href":"https:\/\/urszula.malbork.pl\/index.php\/wp-json\/wp\/v2\/media?parent=41352"}],"curies":[{"name":"wp","href":"https:\/\/api.w.org\/{rel}","templated":true}]}}