{"id":41394,"date":"2024-08-26T17:53:08","date_gmt":"2024-08-26T15:53:08","guid":{"rendered":"https:\/\/urszula.malbork.pl\/?page_id=41394"},"modified":"2024-08-26T17:53:41","modified_gmt":"2024-08-26T15:53:41","slug":"klauzula-informacyjna","status":"publish","type":"page","link":"https:\/\/urszula.malbork.pl\/index.php\/klauzula-informacyjna\/","title":{"rendered":"Klauzula informacyjna"},"content":{"rendered":"\n<h2 class=\"wp-block-heading\">Klauzula informacyjna w sprawie przetwarzania danych osobowych <\/h2>\n\n\n\n<p>Zgodnie z art. 8 ust. 1 <em>Dekretu og\u00f3lnego w sprawie ochrony os\u00f3b fizycznych w zwi\u0105zku z przetwarzaniem danych osobowych w Ko\u015bciele katolickim<\/em> wydanym przez Konferencj\u0119 Episkopatu Polski w dniu 13 marca 2018 r. (dalej: <em>Dekret<\/em>) informuj\u0119, \u017ce:<\/p>\n\n\n\n<p><strong>1)<\/strong> administratorem danych osobowych jest <strong>Parafia Rzymskokatolicka pw. \u015bw. Urszuli Led\u00f3chowskiej w Malborku, <\/strong>ul. J. Wybickiego 2, 82-200 Malbork;<strong> Proboszcz ks. J\u00f3zef Mici\u0144ski<\/strong><\/p>\n\n\n\n<p><strong>2)<\/strong> inspektorem ochrony danych jest <strong>ks. Andrzej Piotrowski<\/strong>, tel. 55&nbsp;232 73 70 (pn-pt 9<sup>00<\/sup>-13<sup>00<\/sup>), e-mail: iod_elblagdiec@op.pl;<\/p>\n\n\n\n<p><strong>3)<\/strong> Pa\u0144stwa dane osobowe przetwarzane b\u0119d\u0105 w celu: dla potrzeb realizacji cel\u00f3w Ko\u015bcio\u0142a, na podstawie przepis\u00f3w prawa kanonicznego b\u0105d\u017a udzielonej zgody;<\/p>\n\n\n\n<p><strong>4)<\/strong> maj\u0105 Pa\u0144stwo prawo dost\u0119pu do tre\u015bci swoich danych, prawa ich sprostowania, ograniczenia przetwarzania lub usuni\u0119cia (z ograniczeniem w zakresie danych dotycz\u0105cych udzielonych sakrament\u00f3w b\u0105d\u017a w inny spos\u00f3b odnosz\u0105cych si\u0119 do kanonicznego statusu osoby).<\/p>\n\n\n\n<p>Szczeg\u00f3\u0142owych informacji na temat przetwarzania danych osobowych, podstawy ich przetwarzania, ewentualnego odbiorcy (krajowego lub zagranicznego), dok\u0142adnego okresu przechowywania danych i innych udziela administrator.<\/p>\n\n\n\n<p><strong>5)<\/strong> maj\u0105 Pa\u0144stwo prawo wniesienia skargi do Ko\u015bcielnego Inspektora Ochrony Danych (Skwer kard. Stefana Wyszy\u0144skiego 6, 01-015 Warszawa, kiod@episkopat.pl), je\u017celi uznaj\u0105 Pa\u0144stwo, i\u017c przetwarzanie danych osobowych dotycz\u0105cych Pa\u0144stwa narusza przepisy <em>Dekretu<\/em>.<\/p>\n\n\n\n<p><\/p>\n","protected":false},"excerpt":{"rendered":"<p>Klauzula informacyjna w sprawie przetwarzania danych osobowych Zgodnie z art. 8 ust. 1 Dekretu og\u00f3lnego w sprawie ochrony os\u00f3b fizycznych w zwi\u0105zku z przetwarzaniem danych osobowych w Ko\u015bciele katolickim wydanym&#8230;<\/p>\n","protected":false},"author":1,"featured_media":0,"parent":0,"menu_order":0,"comment_status":"closed","ping_status":"closed","template":"","meta":{"_acf_changed":false,"ngg_post_thumbnail":0,"footnotes":"","_links_to":"","_links_to_target":""},"class_list":["post-41394","page","type-page","status-publish","hentry"],"acf":[],"_links":{"self":[{"href":"https:\/\/urszula.malbork.pl\/index.php\/wp-json\/wp\/v2\/pages\/41394","targetHints":{"allow":["GET"]}}],"collection":[{"href":"https:\/\/urszula.malbork.pl\/index.php\/wp-json\/wp\/v2\/pages"}],"about":[{"href":"https:\/\/urszula.malbork.pl\/index.php\/wp-json\/wp\/v2\/types\/page"}],"author":[{"embeddable":true,"href":"https:\/\/urszula.malbork.pl\/index.php\/wp-json\/wp\/v2\/users\/1"}],"replies":[{"embeddable":true,"href":"https:\/\/urszula.malbork.pl\/index.php\/wp-json\/wp\/v2\/comments?post=41394"}],"version-history":[{"count":2,"href":"https:\/\/urszula.malbork.pl\/index.php\/wp-json\/wp\/v2\/pages\/41394\/revisions"}],"predecessor-version":[{"id":41396,"href":"https:\/\/urszula.malbork.pl\/index.php\/wp-json\/wp\/v2\/pages\/41394\/revisions\/41396"}],"wp:attachment":[{"href":"https:\/\/urszula.malbork.pl\/index.php\/wp-json\/wp\/v2\/media?parent=41394"}],"curies":[{"name":"wp","href":"https:\/\/api.w.org\/{rel}","templated":true}]}}