{"id":41444,"date":"2024-08-28T10:52:50","date_gmt":"2024-08-28T08:52:50","guid":{"rendered":"https:\/\/urszula.malbork.pl\/?page_id=41444"},"modified":"2024-08-28T11:17:44","modified_gmt":"2024-08-28T09:17:44","slug":"spotkania-malzenskie","status":"publish","type":"page","link":"https:\/\/urszula.malbork.pl\/index.php\/spotkania-malzenskie\/","title":{"rendered":"Spotkania Ma\u0142\u017ce\u0144skie"},"content":{"rendered":"\t\t<div data-elementor-type=\"wp-page\" data-elementor-id=\"41444\" class=\"elementor elementor-41444\">\n\t\t\t\t<div class=\"elementor-element elementor-element-43857aff cmsmasters-section-for-header-yes e-flex e-con-boxed cmsmasters-bg-hide-none cmsmasters-bg-hide-none cmsmasters-block-default e-con e-parent\" data-id=\"43857aff\" data-element_type=\"container\" data-settings=\"{&quot;background_background&quot;:&quot;classic&quot;}\">\n\t\t\t\t\t<div class=\"e-con-inner\">\n\t\t\t\t<div class=\"elementor-element elementor-element-637a1750 cmsmasters-block-default cmsmasters-sticky-default elementor-widget elementor-widget-heading\" data-id=\"637a1750\" data-element_type=\"widget\" data-widget_type=\"heading.default\">\n\t\t\t\t<div class=\"elementor-widget-container\">\n\t\t\t\t\t<h1 class=\"elementor-heading-title elementor-size-default\">Archiwa<\/h1>\t\t\t\t<\/div>\n\t\t\t\t<\/div>\n\t\t\t\t<div class=\"elementor-element elementor-element-3067cf6a cmsmasters-breadcrumbs-alignment-right cmsmasters-breadcrumbs-alignment-mobile-left cmsmasters-separator-type-text cmsmasters-block-default cmsmasters-sticky-default elementor-widget elementor-widget-cmsmasters-breadcrumbs cmsmasters-widget-breadcrumbs\" data-id=\"3067cf6a\" data-element_type=\"widget\" data-widget_type=\"cmsmasters-breadcrumbs.default\">\n\t\t\t\t<div class=\"elementor-widget-container\">\n\t\t\t\t\t<div class=\"cmsmasters-widget-breadcrumbs__container\"><div class=\"cmsmasters-widget-breadcrumbs__content\"><a href=\"https:\/\/urszula.malbork.pl\/\" class=\"cmsmasters-home\">Home<\/a><span class=\"cmsmasters-widget-breadcrumbs__sep\"><span>|<\/span><\/span><span>No breadcrumbs<\/span><\/div><\/div>\t\t\t\t<\/div>\n\t\t\t\t<\/div>\n\t\t\t\t\t<\/div>\n\t\t\t\t<\/div>\n\t\t<div class=\"elementor-element elementor-element-5a1b16e4 e-flex e-con-boxed cmsmasters-block-default e-con e-parent\" data-id=\"5a1b16e4\" data-element_type=\"container\">\n\t\t\t\t\t<div class=\"e-con-inner\">\n\t\t\t\t<div class=\"elementor-element elementor-element-68508966 cmsmasters-block-default cmsmasters-sticky-default elementor-widget elementor-widget-heading\" data-id=\"68508966\" data-element_type=\"widget\" data-widget_type=\"heading.default\">\n\t\t\t\t<div class=\"elementor-widget-container\">\n\t\t\t\t\t<h2 class=\"elementor-heading-title elementor-size-default\">Rekolekcje - Dialog - Spotkanie<\/h2>\t\t\t\t<\/div>\n\t\t\t\t<\/div>\n\t\t\t\t<div class=\"elementor-element elementor-element-d866a5a cmsmasters-block-default cmsmasters-sticky-default elementor-widget elementor-widget-text-editor\" data-id=\"d866a5a\" data-element_type=\"widget\" data-widget_type=\"text-editor.default\">\n\t\t\t\t<div class=\"elementor-widget-container\">\n\t\t\t\t\t\t\t\t\t<p>Spotkania Ma\u0142\u017ce\u0144skie zapraszaj\u0105 na dwudniowe spotkanie, w czasie kt\u00f3rego mo\u017cna pog\u0142\u0119bi\u0107, odnowi\u0107 albo nawet odbudowa\u0107 ma\u0142\u017ce\u0144sk\u0105 wi\u0119\u017a. W czasie tego spotkania mo\u017cna do\u015bwiadczy\u0107 dialogu, przezwyci\u0119\u017cy\u0107 trudno\u015bci we wzajemnej komunikacji w ma\u0142\u017ce\u0144stwie, nauczy\u0107 si\u0119 rozmawia\u0107 ze sob\u0105. Spotkania te maj\u0105 charakter rekolekcji zamkni\u0119tych, a przeznaczone s\u0105 dla wszystkich, kt\u00f3rzy pragn\u0105, aby ich mi\u0142o\u015b\u0107 ma\u0142\u017ce\u0144ska rozwija\u0142a si\u0119. S\u0105 szczeg\u00f3lnie pomocne dla par prze\u017cywaj\u0105cych\u00a0kryzys ma\u0142\u017ce\u0144ski. Pomagaj\u0105 przezwyci\u0119\u017ca\u0107 codzienne trudno\u015bci i cieszy\u0107 si\u0119 mi\u0142o\u015bci\u0105 na co dzie\u0144.<\/p>\t\t\t\t\t\t\t\t<\/div>\n\t\t\t\t<\/div>\n\t\t\t\t\t<\/div>\n\t\t\t\t<\/div>\n\t\t<div class=\"elementor-element elementor-element-8fda805 e-flex e-con-boxed cmsmasters-block-default e-con e-parent\" data-id=\"8fda805\" data-element_type=\"container\" data-settings=\"{&quot;background_background&quot;:&quot;classic&quot;}\">\n\t\t\t\t\t<div class=\"e-con-inner\">\n\t\t\t\t<div class=\"elementor-element elementor-element-530ab695 cmsmasters-block-default cmsmasters-sticky-default elementor-widget elementor-widget-heading\" data-id=\"530ab695\" data-element_type=\"widget\" data-widget_type=\"heading.default\">\n\t\t\t\t<div class=\"elementor-widget-container\">\n\t\t\t\t\t<h3 class=\"elementor-heading-title elementor-size-default\">Ma\u0142\u017ce\u0144stwa, kt\u00f3re pragn\u0105 umocnienia swoich wi\u0119zi i relacji albo potrzebuj\u0105 duchowej pomocy w swoich trudno\u015bciach zapraszamy na rekolekcje.<\/h3>\t\t\t\t<\/div>\n\t\t\t\t<\/div>\n\t\t\t\t<div class=\"elementor-element elementor-element-5e9f5867 cmsmasters-block-default cmsmasters-sticky-default elementor-widget elementor-widget-text-editor\" data-id=\"5e9f5867\" data-element_type=\"widget\" data-widget_type=\"text-editor.default\">\n\t\t\t\t<div class=\"elementor-widget-container\">\n\t\t\t\t\t\t\t\t\t<p><br \/>Zapisy w kancelarii lub drog\u0105 email:\u00a0<strong><a href=\"mailto:smarecki@wp.pl\">smarecki@wp.pl<\/a><\/strong><\/p>\t\t\t\t\t\t\t\t<\/div>\n\t\t\t\t<\/div>\n\t\t\t\t\t<\/div>\n\t\t\t\t<\/div>\n\t\t<div class=\"elementor-element elementor-element-686db56e e-con-full e-grid cmsmasters-block-default e-con e-parent\" data-id=\"686db56e\" data-element_type=\"container\" data-settings=\"{&quot;background_background&quot;:&quot;classic&quot;}\">\n\t\t\t\t<div class=\"elementor-element elementor-element-5b83832 cmsmasters-block-default cmsmasters-sticky-default elementor-widget elementor-widget-image\" data-id=\"5b83832\" data-element_type=\"widget\" data-widget_type=\"image.default\">\n\t\t\t\t<div class=\"elementor-widget-container\">\n\t\t\t\t\t\t\t\t\t\t\t\t\t\t\t<img fetchpriority=\"high\" decoding=\"async\" width=\"495\" height=\"500\" src=\"image\/png;base64,iVBORw0KGgoAAAANSUhEUgAABtAAAAbgAQMAAADDdYXjAAAAA1BMVEUAAP+KeNJXAAAAAXRSTlMAQObYZgAAAAlwSFlzAAAOxAAADsQBlSsOGwAAAYtJREFUeNrtwQEBAAAAgiD\/r25IQAEAAAAAAAAAAAAAAAAAAAAAAAAAAAAAAAAAAAAAAAAAAAAAAAAAAAAAAAAAAAAAAAAAAAAAAAAAAAAAAAAAAAAAAAAAAAAAAAAAAAAAAAAAAAAAAAAAAAAAAAAAAAAAAAAAAAAAAAAAAAAAAAAAAAAAAAAAAAAAAAAAAAAAAAAAAAAAAAAAAAAAAAAAAAAAAAAAAAAAAAAAAAAAAAAAAAAAAAAAAAAAAAAAAAAAAAAAAAAAAAAAAAAAAAAAAAAAAAAAAAAAAAAAAAAAAAAAAAAAAAAAAAAAAAAAAAAAAAAAAAAAAAAAAAAAAAAAAAAAAAAAAAAAAAAAAAAAAAAAAAAAAAAAAAAAAAAAAAAAAAAAAAAAAAAAAAAAAAAAAAAAAAAAAAAAAAAAAAAAAAAAAAAAAAAAAAAAAAAAAAAAAAAAAAAAAAAAAAAAAAAAAAAAAAAAAAAAAAAAAAAAAAAAAAAAAAAAAAAAAAAAAAAAAAAAAAAAAADwaOHrAAFif44bAAAAAElFTkSuQmCC\" class=\"attachment-thumbrelated size-thumbrelated wp-image-41451 cmsmasters_img cmsmasters-lazyload lazyload\" alt=\"\" data-sizes=\"(max-width: 495px) 100vw, 495px\" data-src=\"https:\/\/urszula.malbork.pl\/wp-content\/uploads\/2024\/08\/ikona-spotkan-malzenskich.jpg\" data-srcset=\"https:\/\/urszula.malbork.pl\/wp-content\/uploads\/2024\/08\/ikona-spotkan-malzenskich.jpg 1744w, https:\/\/urszula.malbork.pl\/wp-content\/uploads\/2024\/08\/ikona-spotkan-malzenskich-297x300.jpg 297w, https:\/\/urszula.malbork.pl\/wp-content\/uploads\/2024\/08\/ikona-spotkan-malzenskich-1015x1024.jpg 1015w, https:\/\/urszula.malbork.pl\/wp-content\/uploads\/2024\/08\/ikona-spotkan-malzenskich-768x775.jpg 768w\" \/>\t\t\t\t\t\t\t\t\t\t\t\t\t\t\t<\/div>\n\t\t\t\t<\/div>\n\t\t\t\t<div class=\"elementor-element elementor-element-89ba24e cmsmasters-block-default cmsmasters-sticky-default elementor-widget elementor-widget-text-editor\" data-id=\"89ba24e\" data-element_type=\"widget\" data-widget_type=\"text-editor.default\">\n\t\t\t\t<div class=\"elementor-widget-container\">\n\t\t\t\t\t\t\t\t\t<h2><span style=\"color: #ffffff;\">Ikona Spotka\u0144 Ma\u0142\u017ce\u0144skich<\/span><\/h2><p>Ikona Spotka\u0144 Ma\u0142\u017ce\u0144skich przedstawia\u00a0<strong>spotkanie m\u0119\u017ca i \u017cony ze sob\u0105 i z Chrystusem<\/strong>. Z po\u0142\u0105czonych profili m\u0119\u017ca i \u017cony mo\u017cna odczyta\u0107 twarz Chrystusa, kt\u00f3ry m\u00f3wi do nich:\u00a0<em>Trwajcie w mi\u0142o\u015bci Mojej<\/em>\u00a0(J15, 9b) Chrystus trwa w ma\u0142\u017conkach. My za\u015b, jako ma\u0142\u017ce\u0144stwo, trwamy w Jego mi\u0142o\u015bci poprzez dialog ze sob\u0105 i z Nim, poprzez\u00a0<strong>dialog prowadz\u0105cy do spotkania<\/strong>.<\/p><p><strong>Trwajcie w mi\u0142o\u015bci Mojej\u00a0(J 15,9b)<\/strong><\/p><p><em>Panie Jezu, prosz\u0119 Ci\u0119 o dar dialogu dla naszego ma\u0142\u017ce\u0144stwa. Pom\u00f3\u017c mi lepiej wys\u0142ucha\u0107 mojego M\u0119\u017ca\/\u017bon\u0119, pom\u00f3\u017c nam lepiej rozumie\u0107 siebie nawzajem, pom\u00f3\u017c nam dzieli\u0107 si\u0119 sob\u0105, a przede wszystkim wybacza\u0107. Daj nam delikatno\u015b\u0107, \u0142agodno\u015b\u0107 w naszych rozmowach i spraw, by prowadzi\u0142y do prawdziwego spotkania ze sob\u0105 nawzajem i z Tob\u0105. Pom\u00f3\u017c nam coraz pe\u0142niej przyjmowa\u0107 i akceptowa\u0107 siebie nawzajem, tworzy\u0107 jedno\u015b\u0107, w kt\u00f3rej ka\u017cde z nas pozostanie sob\u0105. Prosz\u0119 Ci\u0119 o uzdrowienie wszystkich trudnych spraw, kt\u00f3re nas dziel\u0105, pozw\u00f3l nam radowa\u0107 si\u0119 naszym ma\u0142\u017ce\u0144stwem i pom\u00f3\u017c nam zawsze trwa\u0107 w Twojej mi\u0142o\u015bci. Amen<\/em><\/p>\t\t\t\t\t\t\t\t<\/div>\n\t\t\t\t<\/div>\n\t\t\t\t<\/div>\n\t\t<div class=\"elementor-element elementor-element-ac8493d e-flex e-con-boxed cmsmasters-block-default e-con e-parent\" data-id=\"ac8493d\" data-element_type=\"container\">\n\t\t\t\t\t<div class=\"e-con-inner\">\n\t\t\t\t\t<\/div>\n\t\t\t\t<\/div>\n\t\t<div class=\"elementor-element elementor-element-5539fae e-flex e-con-boxed cmsmasters-block-default e-con e-parent\" data-id=\"5539fae\" data-element_type=\"container\">\n\t\t\t\t\t<div class=\"e-con-inner\">\n\t\t\t\t\t<\/div>\n\t\t\t\t<\/div>\n\t\t\t\t<\/div>\n\t\t","protected":false},"excerpt":{"rendered":"<p>Home|No breadcrumbs Rekolekcje &#8211; Dialog &#8211; Spotkanie Spotkania Ma\u0142\u017ce\u0144skie zapraszaj\u0105 na dwudniowe spotkanie, w czasie kt\u00f3rego mo\u017cna pog\u0142\u0119bi\u0107, odnowi\u0107 albo nawet odbudowa\u0107 ma\u0142\u017ce\u0144sk\u0105 wi\u0119\u017a. W czasie tego spotkania mo\u017cna do\u015bwiadczy\u0107&#8230;<\/p>\n","protected":false},"author":1,"featured_media":0,"parent":0,"menu_order":0,"comment_status":"closed","ping_status":"closed","template":"","meta":{"_acf_changed":false,"ngg_post_thumbnail":0,"footnotes":"","_links_to":"","_links_to_target":""},"class_list":["post-41444","page","type-page","status-publish","hentry"],"acf":[],"_links":{"self":[{"href":"https:\/\/urszula.malbork.pl\/index.php\/wp-json\/wp\/v2\/pages\/41444","targetHints":{"allow":["GET"]}}],"collection":[{"href":"https:\/\/urszula.malbork.pl\/index.php\/wp-json\/wp\/v2\/pages"}],"about":[{"href":"https:\/\/urszula.malbork.pl\/index.php\/wp-json\/wp\/v2\/types\/page"}],"author":[{"embeddable":true,"href":"https:\/\/urszula.malbork.pl\/index.php\/wp-json\/wp\/v2\/users\/1"}],"replies":[{"embeddable":true,"href":"https:\/\/urszula.malbork.pl\/index.php\/wp-json\/wp\/v2\/comments?post=41444"}],"version-history":[{"count":10,"href":"https:\/\/urszula.malbork.pl\/index.php\/wp-json\/wp\/v2\/pages\/41444\/revisions"}],"predecessor-version":[{"id":41458,"href":"https:\/\/urszula.malbork.pl\/index.php\/wp-json\/wp\/v2\/pages\/41444\/revisions\/41458"}],"wp:attachment":[{"href":"https:\/\/urszula.malbork.pl\/index.php\/wp-json\/wp\/v2\/media?parent=41444"}],"curies":[{"name":"wp","href":"https:\/\/api.w.org\/{rel}","templated":true}]}}